{"id":23359,"date":"2025-12-23T04:53:05","date_gmt":"2025-12-23T03:53:05","guid":{"rendered":"https:\/\/maxwell.in-stack.com\/?page_id=23359"},"modified":"2025-12-23T05:13:08","modified_gmt":"2025-12-23T04:13:08","slug":"confort","status":"publish","type":"page","link":"https:\/\/maxwell.in-stack.com\/index.php\/confort\/","title":{"rendered":"CONFORT"},"content":{"rendered":"\t\t<div data-elementor-type=\"wp-page\" data-elementor-id=\"23359\" class=\"elementor elementor-23359\">\n\t\t\t\t<div class=\"elementor-element elementor-element-4c9d781 e-con-full e-flex wpr-particle-no wpr-jarallax-no wpr-parallax-no wpr-sticky-section-no e-con e-parent\" data-id=\"4c9d781\" data-element_type=\"container\" data-settings=\"{&quot;animation&quot;:&quot;none&quot;,&quot;background_background&quot;:&quot;classic&quot;}\">\n\t\t<div class=\"elementor-element elementor-element-5237edb e-con-full e-flex wpr-particle-no wpr-jarallax-no wpr-parallax-no wpr-sticky-section-no e-con e-child\" data-id=\"5237edb\" data-element_type=\"container\" id=\"hero-zoom\">\n\t\t\t\t<div class=\"elementor-element elementor-element-8684b8b elementor-widget elementor-widget-spacer\" data-id=\"8684b8b\" data-element_type=\"widget\" data-widget_type=\"spacer.default\">\n\t\t\t\t<div class=\"elementor-widget-container\">\n\t\t\t<style>\/*! elementor - v3.22.0 - 17-06-2024 *\/\n.elementor-column .elementor-spacer-inner{height:var(--spacer-size)}.e-con{--container-widget-width:100%}.e-con-inner>.elementor-widget-spacer,.e-con>.elementor-widget-spacer{width:var(--container-widget-width,var(--spacer-size));--align-self:var(--container-widget-align-self,initial);--flex-shrink:0}.e-con-inner>.elementor-widget-spacer>.elementor-widget-container,.e-con>.elementor-widget-spacer>.elementor-widget-container{height:100%;width:100%}.e-con-inner>.elementor-widget-spacer>.elementor-widget-container>.elementor-spacer,.e-con>.elementor-widget-spacer>.elementor-widget-container>.elementor-spacer{height:100%}.e-con-inner>.elementor-widget-spacer>.elementor-widget-container>.elementor-spacer>.elementor-spacer-inner,.e-con>.elementor-widget-spacer>.elementor-widget-container>.elementor-spacer>.elementor-spacer-inner{height:var(--container-widget-height,var(--spacer-size))}.e-con-inner>.elementor-widget-spacer.elementor-widget-empty,.e-con>.elementor-widget-spacer.elementor-widget-empty{position:relative;min-height:22px;min-width:22px}.e-con-inner>.elementor-widget-spacer.elementor-widget-empty .elementor-widget-empty-icon,.e-con>.elementor-widget-spacer.elementor-widget-empty .elementor-widget-empty-icon{position:absolute;top:0;bottom:0;left:0;right:0;margin:auto;padding:0;width:22px;height:22px}<\/style>\t\t<div class=\"elementor-spacer\">\n\t\t\t<div class=\"elementor-spacer-inner\"><\/div>\n\t\t<\/div>\n\t\t\t\t<\/div>\n\t\t\t\t<\/div>\n\t\t\t\t<div class=\"elementor-element elementor-element-aa90da0 elementor-widget elementor-widget-heading\" data-id=\"aa90da0\" data-element_type=\"widget\" data-widget_type=\"heading.default\">\n\t\t\t\t<div class=\"elementor-widget-container\">\n\t\t\t<style>\/*! elementor - v3.22.0 - 17-06-2024 *\/\n.elementor-heading-title{padding:0;margin:0;line-height:1}.elementor-widget-heading .elementor-heading-title[class*=elementor-size-]>a{color:inherit;font-size:inherit;line-height:inherit}.elementor-widget-heading .elementor-heading-title.elementor-size-small{font-size:15px}.elementor-widget-heading .elementor-heading-title.elementor-size-medium{font-size:19px}.elementor-widget-heading .elementor-heading-title.elementor-size-large{font-size:29px}.elementor-widget-heading .elementor-heading-title.elementor-size-xl{font-size:39px}.elementor-widget-heading .elementor-heading-title.elementor-size-xxl{font-size:59px}<\/style><h1 class=\"elementor-heading-title elementor-size-default\">Ma\u00eetrisez Votre Bien-\u00catre avec la Gamme Confort<\/h1>\t\t<\/div>\n\t\t\t\t<\/div>\n\t\t\t\t<div class=\"elementor-element elementor-element-1507bea elementor-widget elementor-widget-text-editor\" data-id=\"1507bea\" data-element_type=\"widget\" data-widget_type=\"text-editor.default\">\n\t\t\t\t<div class=\"elementor-widget-container\">\n\t\t\t<style>\/*! elementor - v3.22.0 - 17-06-2024 *\/\n.elementor-widget-text-editor.elementor-drop-cap-view-stacked .elementor-drop-cap{background-color:#69727d;color:#fff}.elementor-widget-text-editor.elementor-drop-cap-view-framed .elementor-drop-cap{color:#69727d;border:3px solid;background-color:transparent}.elementor-widget-text-editor:not(.elementor-drop-cap-view-default) .elementor-drop-cap{margin-top:8px}.elementor-widget-text-editor:not(.elementor-drop-cap-view-default) .elementor-drop-cap-letter{width:1em;height:1em}.elementor-widget-text-editor .elementor-drop-cap{float:left;text-align:center;line-height:1;font-size:50px}.elementor-widget-text-editor .elementor-drop-cap-letter{display:inline-block}<\/style>\t\t\t\t<p class=\"p1\" style=\"text-align: center;\">Technologie et design pour un bien-\u00eatre sans compromis<\/p>\t\t\t\t\t\t<\/div>\n\t\t\t\t<\/div>\n\t\t\t\t<div class=\"elementor-element elementor-element-c11d777 elementor-widget elementor-widget-spacer\" data-id=\"c11d777\" data-element_type=\"widget\" data-widget_type=\"spacer.default\">\n\t\t\t\t<div class=\"elementor-widget-container\">\n\t\t\t\t\t<div class=\"elementor-spacer\">\n\t\t\t<div class=\"elementor-spacer-inner\"><\/div>\n\t\t<\/div>\n\t\t\t\t<\/div>\n\t\t\t\t<\/div>\n\t\t\t\t<div class=\"elementor-element elementor-element-8d8e881 elementor-widget elementor-widget-image\" data-id=\"8d8e881\" data-element_type=\"widget\" data-widget_type=\"image.default\">\n\t\t\t\t<div class=\"elementor-widget-container\">\n\t\t\t<style>\/*! elementor - v3.22.0 - 17-06-2024 *\/\n.elementor-widget-image{text-align:center}.elementor-widget-image a{display:inline-block}.elementor-widget-image a img[src$=\".svg\"]{width:48px}.elementor-widget-image img{vertical-align:middle;display:inline-block}<\/style>\t\t\t\t\t\t\t\t\t\t<img fetchpriority=\"high\" decoding=\"async\" width=\"2560\" height=\"1429\" src=\"https:\/\/maxwell.in-stack.com\/wp-content\/uploads\/2025\/12\/COUVERTURE-GAMME-CONFORT-scaled.jpg\" class=\"attachment-full size-full wp-image-23361\" alt=\"\" srcset=\"https:\/\/maxwell.in-stack.com\/wp-content\/uploads\/2025\/12\/COUVERTURE-GAMME-CONFORT-scaled.jpg 2560w, https:\/\/maxwell.in-stack.com\/wp-content\/uploads\/2025\/12\/COUVERTURE-GAMME-CONFORT-300x167.jpg 300w, https:\/\/maxwell.in-stack.com\/wp-content\/uploads\/2025\/12\/COUVERTURE-GAMME-CONFORT-1024x572.jpg 1024w, https:\/\/maxwell.in-stack.com\/wp-content\/uploads\/2025\/12\/COUVERTURE-GAMME-CONFORT-768x429.jpg 768w, https:\/\/maxwell.in-stack.com\/wp-content\/uploads\/2025\/12\/COUVERTURE-GAMME-CONFORT-340x190.jpg 340w, https:\/\/maxwell.in-stack.com\/wp-content\/uploads\/2025\/12\/COUVERTURE-GAMME-CONFORT-1536x857.jpg 1536w, https:\/\/maxwell.in-stack.com\/wp-content\/uploads\/2025\/12\/COUVERTURE-GAMME-CONFORT-2048x1143.jpg 2048w, https:\/\/maxwell.in-stack.com\/wp-content\/uploads\/2025\/12\/COUVERTURE-GAMME-CONFORT-1000x558.jpg 1000w, https:\/\/maxwell.in-stack.com\/wp-content\/uploads\/2025\/12\/COUVERTURE-GAMME-CONFORT-1300x726.jpg 1300w\" sizes=\"(max-width: 2560px) 100vw, 2560px\" \/>\t\t\t\t\t\t\t\t\t\t\t\t\t<\/div>\n\t\t\t\t<\/div>\n\t\t\t\t<\/div>\n\t\t\t\t<\/div>\n\t\t<div class=\"elementor-element elementor-element-f077735 e-flex e-con-boxed wpr-particle-no wpr-jarallax-no wpr-parallax-no wpr-sticky-section-no e-con e-parent\" data-id=\"f077735\" data-element_type=\"container\" data-settings=\"{&quot;background_background&quot;:&quot;classic&quot;}\">\n\t\t\t\t\t<div class=\"e-con-inner\">\n\t\t<div class=\"elementor-element elementor-element-ed26b14 e-flex e-con-boxed wpr-particle-no wpr-jarallax-no wpr-parallax-no wpr-sticky-section-no e-con e-child\" data-id=\"ed26b14\" data-element_type=\"container\" data-settings=\"{&quot;background_background&quot;:&quot;classic&quot;}\">\n\t\t\t\t\t<div class=\"e-con-inner\">\n\t\t\t\t<div class=\"elementor-element elementor-element-4cd994b elementor-widget elementor-widget-heading\" data-id=\"4cd994b\" data-element_type=\"widget\" data-widget_type=\"heading.default\">\n\t\t\t\t<div class=\"elementor-widget-container\">\n\t\t\t<h2 class=\"elementor-heading-title elementor-size-default\">Chauffage<\/h2>\t\t<\/div>\n\t\t\t\t<\/div>\n\t\t\t\t<div class=\"elementor-element elementor-element-a41f5e0 elementor-widget elementor-widget-heading\" data-id=\"a41f5e0\" data-element_type=\"widget\" data-widget_type=\"heading.default\">\n\t\t\t\t<div class=\"elementor-widget-container\">\n\t\t\t<div class=\"elementor-heading-title elementor-size-default\">R\u00e9chauffez vos hivers, en toute s\u00e9curit\u00e9<\/div>\t\t<\/div>\n\t\t\t\t<\/div>\n\t\t\t\t\t<\/div>\n\t\t\t\t<\/div>\n\t\t\t\t\t<\/div>\n\t\t\t\t<\/div>\n\t\t<div class=\"elementor-element elementor-element-8575b52 e-flex e-con-boxed wpr-particle-no wpr-jarallax-no wpr-parallax-no wpr-sticky-section-no e-con e-parent\" data-id=\"8575b52\" data-element_type=\"container\" data-settings=\"{&quot;background_background&quot;:&quot;classic&quot;}\">\n\t\t\t\t\t<div class=\"e-con-inner\">\n\t\t<div class=\"elementor-element elementor-element-3105cd7 e-con-full e-flex wpr-particle-no wpr-jarallax-no wpr-parallax-no wpr-sticky-section-no e-con e-child\" data-id=\"3105cd7\" data-element_type=\"container\">\n\t\t\t\t<div class=\"elementor-element elementor-element-df8bfcd elementor-widget elementor-widget-ts-banner\" data-id=\"df8bfcd\" data-element_type=\"widget\" data-widget_type=\"ts-banner.default\">\n\t\t\t\t<div class=\"elementor-widget-container\">\n\t\t\t\t\t<div class=\"ts-banner text-center eff-image eff-scale center-bottom style-simple  \" >\n\t\t\t<div class=\"banner-wrapper\">\n\t\t\t\n\t\t\t\t\t\t\t\t<a class=\"banner-link\" href=\"https:\/\/maxwell.in-stack.com\/index.php\/categorie-produit\/lave-linge\/\" target=\"_blank\" rel=\"nofollow\"><\/a>\n\t\t\t\t\t\t\t\t\n\t\t\t\t<div class=\"background-overlay\"><\/div>\n\t\t\t\t\t\t\t\n\t\t\t\t<div class=\"banner-bg\">\n\t\t\t\t<img loading=\"lazy\" decoding=\"async\" width=\"1600\" height=\"1600\" src=\"https:\/\/maxwell.in-stack.com\/wp-content\/uploads\/2025\/12\/CHAUFFAGE.jpg\" class=\"bg-image bg-image main-banner\" alt=\"\" loading=\"lazy\" srcset=\"https:\/\/maxwell.in-stack.com\/wp-content\/uploads\/2025\/12\/CHAUFFAGE.jpg 1600w, https:\/\/maxwell.in-stack.com\/wp-content\/uploads\/2025\/12\/CHAUFFAGE-300x300.jpg 300w, https:\/\/maxwell.in-stack.com\/wp-content\/uploads\/2025\/12\/CHAUFFAGE-1024x1024.jpg 1024w, https:\/\/maxwell.in-stack.com\/wp-content\/uploads\/2025\/12\/CHAUFFAGE-150x150.jpg 150w, https:\/\/maxwell.in-stack.com\/wp-content\/uploads\/2025\/12\/CHAUFFAGE-768x768.jpg 768w, https:\/\/maxwell.in-stack.com\/wp-content\/uploads\/2025\/12\/CHAUFFAGE-340x340.jpg 340w, https:\/\/maxwell.in-stack.com\/wp-content\/uploads\/2025\/12\/CHAUFFAGE-120x120.jpg 120w, https:\/\/maxwell.in-stack.com\/wp-content\/uploads\/2025\/12\/CHAUFFAGE-1536x1536.jpg 1536w, https:\/\/maxwell.in-stack.com\/wp-content\/uploads\/2025\/12\/CHAUFFAGE-48x48.jpg 48w, https:\/\/maxwell.in-stack.com\/wp-content\/uploads\/2025\/12\/CHAUFFAGE-600x600.jpg 600w, https:\/\/maxwell.in-stack.com\/wp-content\/uploads\/2025\/12\/CHAUFFAGE-1000x1000.jpg 1000w, https:\/\/maxwell.in-stack.com\/wp-content\/uploads\/2025\/12\/CHAUFFAGE-100x100.jpg 100w, https:\/\/maxwell.in-stack.com\/wp-content\/uploads\/2025\/12\/CHAUFFAGE-46x46.jpg 46w, https:\/\/maxwell.in-stack.com\/wp-content\/uploads\/2025\/12\/CHAUFFAGE-1300x1300.jpg 1300w, https:\/\/maxwell.in-stack.com\/wp-content\/uploads\/2025\/12\/CHAUFFAGE-700x700.jpg 700w\" sizes=\"auto, (max-width: 1600px) 100vw, 1600px\" \/>\t\t\t\t<\/div>\n\t\t\t\t\t\t\t\n\t\t\t\t<div class=\"box-content\">\n\t\t\t\t\t<div class=\"header-content\">\n\t\t\t\t\t\t\n\t\t\t\t\t\t\t\t\t\t\t\t\n\t\t\t\t\t\t\t\t\t\t\t\t\n\t\t\t\t\t\t\t\t\t\t\t\t\n\t\t\t\t\t\t\t\t\t\t\t\t\n\t\t\t\t\t\t\t\t\t\t\t\t\n\t\t\t\t\t\t\t\t\t\t\t\t\n\t\t\t\t\t\t\t\t\t\t\t\t\n\t\t\t\t\t<\/div>\n\t\t\t\t<\/div>\n\t\t\t\t\n\t\t\t<\/div>\n\t\t<\/div>\n\t\t\t\t<\/div>\n\t\t\t\t<\/div>\n\t\t\t\t<\/div>\n\t\t\t\t\t<\/div>\n\t\t\t\t<\/div>\n\t\t<div class=\"elementor-element elementor-element-9d9b02c e-flex e-con-boxed wpr-particle-no wpr-jarallax-no wpr-parallax-no wpr-sticky-section-no e-con e-parent\" data-id=\"9d9b02c\" data-element_type=\"container\" data-settings=\"{&quot;background_background&quot;:&quot;classic&quot;}\">\n\t\t\t\t\t<div class=\"e-con-inner\">\n\t\t<div class=\"elementor-element elementor-element-da761f5 e-flex e-con-boxed wpr-particle-no wpr-jarallax-no wpr-parallax-no wpr-sticky-section-no e-con e-child\" data-id=\"da761f5\" data-element_type=\"container\" data-settings=\"{&quot;background_background&quot;:&quot;classic&quot;}\">\n\t\t\t\t\t<div class=\"e-con-inner\">\n\t\t\t\t<div class=\"elementor-element elementor-element-ea1edd5 elementor-widget elementor-widget-heading\" data-id=\"ea1edd5\" data-element_type=\"widget\" data-widget_type=\"heading.default\">\n\t\t\t\t<div class=\"elementor-widget-container\">\n\t\t\t<h2 class=\"elementor-heading-title elementor-size-default\">Climatiseur<\/h2>\t\t<\/div>\n\t\t\t\t<\/div>\n\t\t\t\t<div class=\"elementor-element elementor-element-bfbeb11 elementor-widget elementor-widget-heading\" data-id=\"bfbeb11\" data-element_type=\"widget\" data-widget_type=\"heading.default\">\n\t\t\t\t<div class=\"elementor-widget-container\">\n\t\t\t<div class=\"elementor-heading-title elementor-size-default\">Fra\u00eecheur rapide, silencieuse et efficace<\/div>\t\t<\/div>\n\t\t\t\t<\/div>\n\t\t\t\t\t<\/div>\n\t\t\t\t<\/div>\n\t\t\t\t\t<\/div>\n\t\t\t\t<\/div>\n\t\t<div class=\"elementor-element elementor-element-a96268e e-flex e-con-boxed wpr-particle-no wpr-jarallax-no wpr-parallax-no wpr-sticky-section-no e-con e-parent\" data-id=\"a96268e\" data-element_type=\"container\" data-settings=\"{&quot;background_background&quot;:&quot;classic&quot;}\">\n\t\t\t\t\t<div class=\"e-con-inner\">\n\t\t<div class=\"elementor-element elementor-element-41bac11 e-con-full e-flex wpr-particle-no wpr-jarallax-no wpr-parallax-no wpr-sticky-section-no e-con e-child\" data-id=\"41bac11\" data-element_type=\"container\">\n\t\t\t\t<div class=\"elementor-element elementor-element-95ce9ef elementor-widget elementor-widget-ts-banner\" data-id=\"95ce9ef\" data-element_type=\"widget\" data-widget_type=\"ts-banner.default\">\n\t\t\t\t<div class=\"elementor-widget-container\">\n\t\t\t\t\t<div class=\"ts-banner text-center eff-image eff-scale center-bottom style-simple  \" >\n\t\t\t<div class=\"banner-wrapper\">\n\t\t\t\n\t\t\t\t\t\t\t\t<a class=\"banner-link\" href=\"https:\/\/maxwell.in-stack.com\/index.php\/categorie-produit\/lave-linge\/\" target=\"_blank\" rel=\"nofollow\"><\/a>\n\t\t\t\t\t\t\t\t\n\t\t\t\t<div class=\"background-overlay\"><\/div>\n\t\t\t\t\t\t\t\n\t\t\t\t<div class=\"banner-bg\">\n\t\t\t\t<img loading=\"lazy\" decoding=\"async\" width=\"1600\" height=\"1600\" src=\"https:\/\/maxwell.in-stack.com\/wp-content\/uploads\/2025\/12\/CLIMATISEUR-.jpg\" class=\"bg-image bg-image main-banner\" alt=\"\" loading=\"lazy\" srcset=\"https:\/\/maxwell.in-stack.com\/wp-content\/uploads\/2025\/12\/CLIMATISEUR-.jpg 1600w, https:\/\/maxwell.in-stack.com\/wp-content\/uploads\/2025\/12\/CLIMATISEUR--300x300.jpg 300w, https:\/\/maxwell.in-stack.com\/wp-content\/uploads\/2025\/12\/CLIMATISEUR--1024x1024.jpg 1024w, https:\/\/maxwell.in-stack.com\/wp-content\/uploads\/2025\/12\/CLIMATISEUR--150x150.jpg 150w, https:\/\/maxwell.in-stack.com\/wp-content\/uploads\/2025\/12\/CLIMATISEUR--768x768.jpg 768w, https:\/\/maxwell.in-stack.com\/wp-content\/uploads\/2025\/12\/CLIMATISEUR--340x340.jpg 340w, https:\/\/maxwell.in-stack.com\/wp-content\/uploads\/2025\/12\/CLIMATISEUR--120x120.jpg 120w, https:\/\/maxwell.in-stack.com\/wp-content\/uploads\/2025\/12\/CLIMATISEUR--1536x1536.jpg 1536w, https:\/\/maxwell.in-stack.com\/wp-content\/uploads\/2025\/12\/CLIMATISEUR--48x48.jpg 48w, https:\/\/maxwell.in-stack.com\/wp-content\/uploads\/2025\/12\/CLIMATISEUR--600x600.jpg 600w, https:\/\/maxwell.in-stack.com\/wp-content\/uploads\/2025\/12\/CLIMATISEUR--1000x1000.jpg 1000w, https:\/\/maxwell.in-stack.com\/wp-content\/uploads\/2025\/12\/CLIMATISEUR--100x100.jpg 100w, https:\/\/maxwell.in-stack.com\/wp-content\/uploads\/2025\/12\/CLIMATISEUR--46x46.jpg 46w, https:\/\/maxwell.in-stack.com\/wp-content\/uploads\/2025\/12\/CLIMATISEUR--1300x1300.jpg 1300w, https:\/\/maxwell.in-stack.com\/wp-content\/uploads\/2025\/12\/CLIMATISEUR--700x700.jpg 700w\" sizes=\"auto, (max-width: 1600px) 100vw, 1600px\" \/>\t\t\t\t<\/div>\n\t\t\t\t\t\t\t\n\t\t\t\t<div class=\"box-content\">\n\t\t\t\t\t<div class=\"header-content\">\n\t\t\t\t\t\t\n\t\t\t\t\t\t\t\t\t\t\t\t\n\t\t\t\t\t\t\t\t\t\t\t\t\n\t\t\t\t\t\t\t\t\t\t\t\t\n\t\t\t\t\t\t\t\t\t\t\t\t\n\t\t\t\t\t\t\t\t\t\t\t\t\n\t\t\t\t\t\t\t\t\t\t\t\t\n\t\t\t\t\t\t\t\t\t\t\t\t\n\t\t\t\t\t<\/div>\n\t\t\t\t<\/div>\n\t\t\t\t\n\t\t\t<\/div>\n\t\t<\/div>\n\t\t\t\t<\/div>\n\t\t\t\t<\/div>\n\t\t\t\t<\/div>\n\t\t\t\t\t<\/div>\n\t\t\t\t<\/div>\n\t\t\t\t<\/div>\n\t\t","protected":false},"excerpt":{"rendered":"<p>Ma\u00eetrisez Votre Bien-\u00catre avec la Gamme Confort Technologie et design pour un bien-\u00eatre sans compromis Chauffage R\u00e9chauffez vos hivers, en toute s\u00e9curit\u00e9 Climatiseur Fra\u00eecheur rapide, silencieuse et efficace<\/p>\n","protected":false},"author":1,"featured_media":0,"parent":0,"menu_order":0,"comment_status":"closed","ping_status":"closed","template":"","meta":{"footnotes":""},"class_list":["post-23359","page","type-page","status-publish","hentry"],"_links":{"self":[{"href":"https:\/\/maxwell.in-stack.com\/index.php\/wp-json\/wp\/v2\/pages\/23359","targetHints":{"allow":["GET"]}}],"collection":[{"href":"https:\/\/maxwell.in-stack.com\/index.php\/wp-json\/wp\/v2\/pages"}],"about":[{"href":"https:\/\/maxwell.in-stack.com\/index.php\/wp-json\/wp\/v2\/types\/page"}],"author":[{"embeddable":true,"href":"https:\/\/maxwell.in-stack.com\/index.php\/wp-json\/wp\/v2\/users\/1"}],"replies":[{"embeddable":true,"href":"https:\/\/maxwell.in-stack.com\/index.php\/wp-json\/wp\/v2\/comments?post=23359"}],"version-history":[{"count":7,"href":"https:\/\/maxwell.in-stack.com\/index.php\/wp-json\/wp\/v2\/pages\/23359\/revisions"}],"predecessor-version":[{"id":23370,"href":"https:\/\/maxwell.in-stack.com\/index.php\/wp-json\/wp\/v2\/pages\/23359\/revisions\/23370"}],"wp:attachment":[{"href":"https:\/\/maxwell.in-stack.com\/index.php\/wp-json\/wp\/v2\/media?parent=23359"}],"curies":[{"name":"wp","href":"https:\/\/api.w.org\/{rel}","templated":true}]}}