{"id":22480,"date":"2025-06-24T00:55:35","date_gmt":"2025-06-23T22:55:35","guid":{"rendered":"https:\/\/maxwell.in-stack.com\/?post_type=product&#038;p=22480"},"modified":"2025-12-30T16:15:50","modified_gmt":"2025-12-30T15:15:50","slug":"refrigerateurs-max-rfnh640aig","status":"publish","type":"product","link":"https:\/\/maxwell.in-stack.com\/index.php\/produit\/refrigerateurs-max-rfnh640aig\/","title":{"rendered":"REFRIGERATEURS MAX-RFNH640AIG"},"content":{"rendered":"<p><strong>MAX &#8211; RFNH 640 AIG<\/strong><\/p>\n<p><strong>04 Portes<\/strong><\/p>\n<p><strong>Syst\u00e8me BiZone<\/strong><\/p>\n<p>Profitez d\u2019une flexibilit\u00e9 in\u00e9gal\u00e9e avec le mode BiZone. Transformez en un seul geste une partie du cong\u00e9lateur en r\u00e9frig\u00e9rateur selon vos besoins : stockage suppl\u00e9mentaire de fruits, boissons, plats cuisin\u00e9s ou produits frais. Une technologie intelligente qui s\u2019adapte \u00e0 votre mode de vie.<\/p>\n<ul>\n<li>Capacit\u00e9 du R\u00e9frig\u00e9rateur (L): 640<\/li>\n<li>Couleur du produit : Black Glass<\/li>\n<li>Type de Refroidissement: No Frost<\/li>\n<li>Compresseur Inverter<\/li>\n<li>Technologie Bi-zone<\/li>\n<li>Afficheur digitale<\/li>\n<li>Etag\u00e8re en Verre Tremp\u00e9<\/li>\n<li>Lumi\u00e8re LED<\/li>\n<li>Fresh Zone<\/li>\n<li>Economie d&#8217;\u00e9nergie<\/li>\n<li>Contr\u00f4le Humidit\u00e9<\/li>\n<li>Dimensions du Produit (H*L*P) cm: 190,5 * 91* 69<\/li>\n<\/ul>\n<p><strong>Compresseur Inverter<\/strong><\/p>\n<p>Le compresseur Inverter ajuste en continu sa vitesse de fonctionnement pour maintenir une temp\u00e9rature stable tout en r\u00e9duisant la consommation d\u2019\u00e9nergie. Plus silencieux et plus durable qu\u2019un compresseur classique, il offre des performances optimales, un confort acoustique remarquable et des \u00e9conomies d\u2019\u00e9lectricit\u00e9 au quotidien.<\/p>\n<p><strong>FreshZone<\/strong><\/p>\n<p>La technologie FreshZone maintient une temp\u00e9rature stable et parfaitement adapt\u00e9e pour la viande, la volaille, le poisson, afin de prolonger leur fra\u00eecheur. Elle permet de pr\u00e9server leur go\u00fbt naturel, leur tendret\u00e9 et leurs valeurs nutritives plus longtemps.<\/p>\n<p><strong>Eco Friendly<\/strong><\/p>\n<p>Les r\u00e9frig\u00e9rateurs MAXWELL int\u00e8grent des composants \u00e0 haute efficacit\u00e9 \u00e9nerg\u00e9tique pour une consommation r\u00e9duite. Ils contribuent \u00e0 pr\u00e9server l\u2019environnement tout en all\u00e9geant votre facture d\u2019\u00e9lectricit\u00e9.<\/p>\n<p><strong>Technologie NoFrost<\/strong><\/p>\n<p>Fini le d\u00e9givrage manuel ! La technologie NoFrost de MAXWELL r\u00e9partit le froid de mani\u00e8re homog\u00e8ne gr\u00e2ce \u00e0 son syst\u00e8me multi-flux, pour des aliments toujours frais et une organisation libre dans votre r\u00e9frig\u00e9rateur.<\/p>\n<p><strong>\u00c9clairage LED<\/strong><\/p>\n<p>\u00c9clairage LED brillant, avec une faible consommation d\u2019\u00e9nergie et une longue dur\u00e9e de vie.<\/p>\n<p><strong>Contr\u00f4le de l\u2019humidit\u00e9<\/strong><\/p>\n<p>Le syst\u00e8me de contr\u00f4le de l\u2019humidit\u00e9 permet d\u2019ajuster le niveau d\u2019humidit\u00e9 dans le tiroir \u00e0 l\u00e9gumes, afin de pr\u00e9server la fra\u00eecheur des fruits et l\u00e9gumes plus longtemps et de maintenir leur texture naturelle.<\/p>\n","protected":false},"excerpt":{"rendered":"<ul>\n<li class=\"p1\">04 Portes<\/li>\n<li class=\"p1\">Capacit\u00e9 du R\u00e9frig\u00e9rateur (L):640<\/li>\n<li class=\"p1\">Couleur du produit : Black Glass<\/li>\n<li class=\"p1\">Type de Refroidissement: No Frost<\/li>\n<li class=\"p1\">Compresseur Inverter<\/li>\n<li class=\"p1\">Technologie Bi-zone<\/li>\n<li class=\"p1\">Afficheur digitale<\/li>\n<li class=\"p1\">Etag\u00e8re en Verre Tremp\u00e9<\/li>\n<li class=\"p1\">Lumi\u00e8re LED<\/li>\n<li class=\"p1\">Fresh Zone<\/li>\n<li class=\"p1\">Economie d&#8217;\u00e9nergie<\/li>\n<li class=\"p1\">Contr\u00f4le Humidit\u00e9<\/li>\n<li class=\"p1\">Dimensions du Produit (H*L*P) cm: 190,5 * 91* 69<\/li>\n<\/ul>\n<p>&nbsp;<\/p>\n","protected":false},"featured_media":23734,"comment_status":"open","ping_status":"closed","template":"","meta":[],"product_cat":[41],"product_tag":[],"class_list":{"0":"post-22480","1":"product","2":"type-product","3":"status-publish","4":"has-post-thumbnail","6":"product_cat-refrigerateur","7":"ts_product_brand-maxwell","9":"first","10":"instock","11":"shipping-taxable","12":"product-type-simple"},"_links":{"self":[{"href":"https:\/\/maxwell.in-stack.com\/index.php\/wp-json\/wp\/v2\/product\/22480","targetHints":{"allow":["GET"]}}],"collection":[{"href":"https:\/\/maxwell.in-stack.com\/index.php\/wp-json\/wp\/v2\/product"}],"about":[{"href":"https:\/\/maxwell.in-stack.com\/index.php\/wp-json\/wp\/v2\/types\/product"}],"replies":[{"embeddable":true,"href":"https:\/\/maxwell.in-stack.com\/index.php\/wp-json\/wp\/v2\/comments?post=22480"}],"version-history":[{"count":5,"href":"https:\/\/maxwell.in-stack.com\/index.php\/wp-json\/wp\/v2\/product\/22480\/revisions"}],"predecessor-version":[{"id":23867,"href":"https:\/\/maxwell.in-stack.com\/index.php\/wp-json\/wp\/v2\/product\/22480\/revisions\/23867"}],"wp:featuredmedia":[{"embeddable":true,"href":"https:\/\/maxwell.in-stack.com\/index.php\/wp-json\/wp\/v2\/media\/23734"}],"wp:attachment":[{"href":"https:\/\/maxwell.in-stack.com\/index.php\/wp-json\/wp\/v2\/media?parent=22480"}],"wp:term":[{"taxonomy":"product_cat","embeddable":true,"href":"https:\/\/maxwell.in-stack.com\/index.php\/wp-json\/wp\/v2\/product_cat?post=22480"},{"taxonomy":"product_tag","embeddable":true,"href":"https:\/\/maxwell.in-stack.com\/index.php\/wp-json\/wp\/v2\/product_tag?post=22480"}],"curies":[{"name":"wp","href":"https:\/\/api.w.org\/{rel}","templated":true}]}}