{"id":22548,"date":"2025-06-24T01:15:31","date_gmt":"2025-06-23T23:15:31","guid":{"rendered":"https:\/\/maxwell.in-stack.com\/?post_type=product&#038;p=22548"},"modified":"2025-12-30T11:19:31","modified_gmt":"2025-12-30T10:19:31","slug":"refrigerateurs-max-rsnh680aix","status":"publish","type":"product","link":"https:\/\/maxwell.in-stack.com\/index.php\/produit\/refrigerateurs-max-rsnh680aix\/","title":{"rendered":"REFRIGERATEURS MAX-RSNH680AIX"},"content":{"rendered":"","protected":false},"excerpt":{"rendered":"<p class=\"p1\">Capacit\u00e9 du R\u00e9frig\u00e9rateur (L):680<\/p>\n<p class=\"p1\">\u2022 Couleur du produit : Inox<\/p>\n<p class=\"p1\">\u2022 Type de Refroidissement: No Frost<\/p>\n<p class=\"p1\">\u2022 Compresseur Inverter<\/p>\n<p class=\"p1\">\u2022 Afficheur digitale<\/p>\n<p class=\"p1\">\u2022 Lumi\u00e8re LED<\/p>\n<p class=\"p1\">\u2022 Bi Zone<\/p>\n<p class=\"p1\">\u2022 Etag\u00e8re en Verre Tremp\u00e9<\/p>\n<p class=\"p1\">\u2022 Economie d\u2019\u00e9nergie<\/p>\n<p class=\"p1\">\u2022 Contr\u00f4le Humidit\u00e9<\/p>\n<p class=\"p1\">\u2022 Dimensions du Produit (H*L*P) cm:<\/p>\n<p class=\"p1\">177 * 91* 67<\/p>\n","protected":false},"featured_media":23735,"comment_status":"open","ping_status":"closed","template":"","meta":[],"product_cat":[41],"product_tag":[],"class_list":{"0":"post-22548","1":"product","2":"type-product","3":"status-publish","4":"has-post-thumbnail","6":"product_cat-refrigerateur","8":"first","9":"instock","10":"shipping-taxable","11":"product-type-simple"},"_links":{"self":[{"href":"https:\/\/maxwell.in-stack.com\/index.php\/wp-json\/wp\/v2\/product\/22548","targetHints":{"allow":["GET"]}}],"collection":[{"href":"https:\/\/maxwell.in-stack.com\/index.php\/wp-json\/wp\/v2\/product"}],"about":[{"href":"https:\/\/maxwell.in-stack.com\/index.php\/wp-json\/wp\/v2\/types\/product"}],"replies":[{"embeddable":true,"href":"https:\/\/maxwell.in-stack.com\/index.php\/wp-json\/wp\/v2\/comments?post=22548"}],"version-history":[{"count":2,"href":"https:\/\/maxwell.in-stack.com\/index.php\/wp-json\/wp\/v2\/product\/22548\/revisions"}],"predecessor-version":[{"id":22806,"href":"https:\/\/maxwell.in-stack.com\/index.php\/wp-json\/wp\/v2\/product\/22548\/revisions\/22806"}],"wp:featuredmedia":[{"embeddable":true,"href":"https:\/\/maxwell.in-stack.com\/index.php\/wp-json\/wp\/v2\/media\/23735"}],"wp:attachment":[{"href":"https:\/\/maxwell.in-stack.com\/index.php\/wp-json\/wp\/v2\/media?parent=22548"}],"wp:term":[{"taxonomy":"product_cat","embeddable":true,"href":"https:\/\/maxwell.in-stack.com\/index.php\/wp-json\/wp\/v2\/product_cat?post=22548"},{"taxonomy":"product_tag","embeddable":true,"href":"https:\/\/maxwell.in-stack.com\/index.php\/wp-json\/wp\/v2\/product_tag?post=22548"}],"curies":[{"name":"wp","href":"https:\/\/api.w.org\/{rel}","templated":true}]}}