{"id":22556,"date":"2025-06-24T01:23:36","date_gmt":"2025-06-23T23:23:36","guid":{"rendered":"https:\/\/maxwell.in-stack.com\/?post_type=product&#038;p=22556"},"modified":"2025-12-30T16:15:50","modified_gmt":"2025-12-30T15:15:50","slug":"refrigerateurs-max-rcnh460dx","status":"publish","type":"product","link":"https:\/\/maxwell.in-stack.com\/index.php\/produit\/refrigerateurs-max-rcnh460dx\/","title":{"rendered":"REFRIGERATEURS MAX-RCNH460DX"},"content":{"rendered":"<p><strong>MAX &#8211; RCNH 460 DX<\/strong><\/p>\n<p><strong>Compresseur Inverter<\/strong><\/p>\n<p>Le compresseur Inverter ajuste en continu sa vitesse de fonctionnement pour maintenir une temp\u00e9rature stable tout en r\u00e9duisant la consommation d\u2019\u00e9nergie. Plus silencieux et plus durable qu\u2019un compresseur classique, il offre des performances optimales, un confort acoustique remarquable et des \u00e9conomies d\u2019\u00e9lectricit\u00e9 au quotidien.<\/p>\n<p><strong>Eco Friendly<\/strong><\/p>\n<p>Les r\u00e9frig\u00e9rateurs MAXWELL int\u00e8grent des composants \u00e0 haute efficacit\u00e9 \u00e9nerg\u00e9tique pour une consommation r\u00e9duite. Ils contribuent \u00e0 pr\u00e9server l\u2019environnement tout en all\u00e9geant votre facture d\u2019\u00e9lectricit\u00e9.<\/p>\n<p><strong>Capacit\u00e9 du R\u00e9frig\u00e9rateur (L): 460<\/strong><\/p>\n<ul>\n<li>Couleur du produit : Inox<\/li>\n<li>Type de Refroidissement: No Frost<\/li>\n<li>Etag\u00e8re en Verre Tremp\u00e9<\/li>\n<li>Porte R\u00e9versible<\/li>\n<li>Economie d&#8217;\u00e9nergie<\/li>\n<li>Lumi\u00e8re LED<\/li>\n<li>Distributeur d\u2019eau<\/li>\n<li>control d\u2019humidite<\/li>\n<li>Dimensions du Produit (H*L*P) cm: 186 * 60 * 59,5<\/li>\n<\/ul>\n<p><strong>Technologie NoFrost<\/strong><\/p>\n<p>Fini le d\u00e9givrage manuel ! La technologie NoFrost de MAXWELL r\u00e9partit le froid de mani\u00e8re homog\u00e8ne gr\u00e2ce \u00e0 son syst\u00e8me multi-flux, pour des aliments toujours frais et une organisation libre dans votre r\u00e9frig\u00e9rateur.<\/p>\n<p><strong>\u00c9clairage LED<\/strong><\/p>\n<p>\u00c9clairage LED brillant, avec une faible consommation d\u2019\u00e9nergie et une longue dur\u00e9e de vie.<\/p>\n<p><strong>Contr\u00f4le de l\u2019humidit\u00e9<\/strong><\/p>\n<p>Le syst\u00e8me de contr\u00f4le de l\u2019humidit\u00e9 permet d\u2019ajuster le niveau d\u2019humidit\u00e9 dans le tiroir \u00e0 l\u00e9gumes, afin de pr\u00e9server la fra\u00eecheur des fruits et l\u00e9gumes plus longtemps et de maintenir leur texture naturelle.<\/p>\n","protected":false},"excerpt":{"rendered":"<p class=\"p1\">Capacit\u00e9 du R\u00e9frig\u00e9rateur (L): 460<\/p>\n<p class=\"p1\">\u2022 Couleur du produit : Inox<\/p>\n<p class=\"p1\">\u2022 Type de Refroidissement: No Frost<\/p>\n<p class=\"p1\">\u2022 Etag\u00e8re en Verre Tremp\u00e9<\/p>\n<p class=\"p1\">\u2022 Porte R\u00e9versible<\/p>\n<p class=\"p1\">\u2022 Economie d&#8217;\u00e9nergie<\/p>\n<p class=\"p1\">\u2022 Lumi\u00e8re LED<\/p>\n<p class=\"p1\">\u2022 Distributeur d\u2019eau<\/p>\n<p class=\"p1\">\u2022 Dimensions du Produit (H*L*P) cm:<\/p>\n<p class=\"p1\">186 * 60 * 59,5<\/p>\n","protected":false},"featured_media":23737,"comment_status":"open","ping_status":"closed","template":"","meta":[],"product_cat":[41],"product_tag":[],"class_list":{"0":"post-22556","1":"product","2":"type-product","3":"status-publish","4":"has-post-thumbnail","6":"product_cat-refrigerateur","8":"first","9":"instock","10":"shipping-taxable","11":"product-type-simple"},"_links":{"self":[{"href":"https:\/\/maxwell.in-stack.com\/index.php\/wp-json\/wp\/v2\/product\/22556","targetHints":{"allow":["GET"]}}],"collection":[{"href":"https:\/\/maxwell.in-stack.com\/index.php\/wp-json\/wp\/v2\/product"}],"about":[{"href":"https:\/\/maxwell.in-stack.com\/index.php\/wp-json\/wp\/v2\/types\/product"}],"replies":[{"embeddable":true,"href":"https:\/\/maxwell.in-stack.com\/index.php\/wp-json\/wp\/v2\/comments?post=22556"}],"version-history":[{"count":4,"href":"https:\/\/maxwell.in-stack.com\/index.php\/wp-json\/wp\/v2\/product\/22556\/revisions"}],"predecessor-version":[{"id":23853,"href":"https:\/\/maxwell.in-stack.com\/index.php\/wp-json\/wp\/v2\/product\/22556\/revisions\/23853"}],"wp:featuredmedia":[{"embeddable":true,"href":"https:\/\/maxwell.in-stack.com\/index.php\/wp-json\/wp\/v2\/media\/23737"}],"wp:attachment":[{"href":"https:\/\/maxwell.in-stack.com\/index.php\/wp-json\/wp\/v2\/media?parent=22556"}],"wp:term":[{"taxonomy":"product_cat","embeddable":true,"href":"https:\/\/maxwell.in-stack.com\/index.php\/wp-json\/wp\/v2\/product_cat?post=22556"},{"taxonomy":"product_tag","embeddable":true,"href":"https:\/\/maxwell.in-stack.com\/index.php\/wp-json\/wp\/v2\/product_tag?post=22556"}],"curies":[{"name":"wp","href":"https:\/\/api.w.org\/{rel}","templated":true}]}}