{"id":22608,"date":"2025-06-25T09:14:00","date_gmt":"2025-06-25T07:14:00","guid":{"rendered":"https:\/\/maxwell.in-stack.com\/?post_type=product&#038;p=22608"},"modified":"2025-12-30T16:15:50","modified_gmt":"2025-12-30T15:15:50","slug":"refrigerateurs-max-rddh360s","status":"publish","type":"product","link":"https:\/\/maxwell.in-stack.com\/index.php\/produit\/refrigerateurs-max-rddh360s\/","title":{"rendered":"REFRIGERATEURS MAX-RDDH360S"},"content":{"rendered":"<p><strong>Eco Friendly<\/strong><\/p>\n<p>Les r\u00e9frig\u00e9rateurs MAXWELL int\u00e8grent des composants \u00e0 haute efficacit\u00e9 \u00e9nerg\u00e9tique pour une consommation r\u00e9duite. Ils contribuent \u00e0 pr\u00e9server l\u2019environnement tout en all\u00e9geant votre facture d\u2019\u00e9lectricit\u00e9.<\/p>\n<p><strong>MAX &#8211; RDDH 360 S<\/strong><\/p>\n<p><strong>Capacit\u00e9 du R\u00e9frig\u00e9rateur (L): 360 L<\/strong><\/p>\n<p><strong>\u00c9clairage LED<\/strong><\/p>\n<p>\u00c9clairage LED brillant, avec une faible consommation d\u2019\u00e9nergie et une longue dur\u00e9e de vie.<\/p>\n<ul>\n<li>Couleur du produit : Silver<\/li>\n<li>Type de Refroidissement: Defrost<\/li>\n<li>Lumi\u00e8re LED<\/li>\n<li>Economie d&#8217;\u00e9nergie<\/li>\n<li>Porte R\u00e9versible<\/li>\n<li>Dimensions du Produit (H*L*P) cm: 166 * 58 * 55<\/li>\n<\/ul>\n","protected":false},"excerpt":{"rendered":"<p class=\"p1\">Capacit\u00e9 du R\u00e9frig\u00e9rateur (L): 360 L<\/p>\n<p class=\"p1\">\u2022 Couleur du produit : Silver<\/p>\n<p class=\"p1\">\u2022 Type de Refroidissement: Defrost<\/p>\n<p class=\"p1\">\u2022 Lumi\u00e8re LED<\/p>\n<p class=\"p1\">\u2022 Economie d&#8217;\u00e9nergie<\/p>\n<p class=\"p1\">\u2022 Porte R\u00e9versible<\/p>\n<p class=\"p1\">\u2022 Dimensions du Produit<\/p>\n<p class=\"p1\">(H*L*P) cm: 166 * 58 * 55<\/p>\n","protected":false},"featured_media":22610,"comment_status":"open","ping_status":"closed","template":"","meta":[],"product_cat":[41],"product_tag":[],"class_list":{"0":"post-22608","1":"product","2":"type-product","3":"status-publish","4":"has-post-thumbnail","6":"product_cat-refrigerateur","8":"first","9":"instock","10":"shipping-taxable","11":"product-type-simple"},"_links":{"self":[{"href":"https:\/\/maxwell.in-stack.com\/index.php\/wp-json\/wp\/v2\/product\/22608","targetHints":{"allow":["GET"]}}],"collection":[{"href":"https:\/\/maxwell.in-stack.com\/index.php\/wp-json\/wp\/v2\/product"}],"about":[{"href":"https:\/\/maxwell.in-stack.com\/index.php\/wp-json\/wp\/v2\/types\/product"}],"replies":[{"embeddable":true,"href":"https:\/\/maxwell.in-stack.com\/index.php\/wp-json\/wp\/v2\/comments?post=22608"}],"version-history":[{"count":4,"href":"https:\/\/maxwell.in-stack.com\/index.php\/wp-json\/wp\/v2\/product\/22608\/revisions"}],"predecessor-version":[{"id":23854,"href":"https:\/\/maxwell.in-stack.com\/index.php\/wp-json\/wp\/v2\/product\/22608\/revisions\/23854"}],"wp:featuredmedia":[{"embeddable":true,"href":"https:\/\/maxwell.in-stack.com\/index.php\/wp-json\/wp\/v2\/media\/22610"}],"wp:attachment":[{"href":"https:\/\/maxwell.in-stack.com\/index.php\/wp-json\/wp\/v2\/media?parent=22608"}],"wp:term":[{"taxonomy":"product_cat","embeddable":true,"href":"https:\/\/maxwell.in-stack.com\/index.php\/wp-json\/wp\/v2\/product_cat?post=22608"},{"taxonomy":"product_tag","embeddable":true,"href":"https:\/\/maxwell.in-stack.com\/index.php\/wp-json\/wp\/v2\/product_tag?post=22608"}],"curies":[{"name":"wp","href":"https:\/\/api.w.org\/{rel}","templated":true}]}}