{"id":22613,"date":"2025-06-25T09:16:01","date_gmt":"2025-06-25T07:16:01","guid":{"rendered":"https:\/\/maxwell.in-stack.com\/?post_type=product&#038;p=22613"},"modified":"2025-12-30T16:15:50","modified_gmt":"2025-12-30T15:15:50","slug":"refrigerateurs-max-rmdh140s","status":"publish","type":"product","link":"https:\/\/maxwell.in-stack.com\/index.php\/produit\/refrigerateurs-max-rmdh140s\/","title":{"rendered":"REFRIGERATEURS MAX-RMDH140S"},"content":{"rendered":"<p><strong>Eco Friendly<\/strong><\/p>\n<p>Les r\u00e9frig\u00e9rateurs MAXWELL int\u00e8grent des composants \u00e0 haute efficacit\u00e9 \u00e9nerg\u00e9tique pour une consommation r\u00e9duite. Ils contribuent \u00e0 pr\u00e9server l\u2019environnement tout en all\u00e9geant votre facture d\u2019\u00e9lectricit\u00e9.<\/p>\n<p><strong>MAX &#8211; RMDH 140 S<\/strong><\/p>\n<p><strong>Capacit\u00e9 du R\u00e9frig\u00e9rateur (L): 140 L<\/strong><\/p>\n<ul>\n<li>Couleur du produit : Silver<\/li>\n<li>Type de Refroidissement: Defrost<\/li>\n<li>Economie d\u2019\u00e9nergie<\/li>\n<li>Porte r\u00e9versible<\/li>\n<li>Serrure de S\u00e9curit\u00e9<\/li>\n<li>Etag\u00e8res en Verre Tremp\u00e9<\/li>\n<li>Dimensions du Produit (H*L*P) cm: 85 * 47.5 * 44,5<\/li>\n<\/ul>\n","protected":false},"excerpt":{"rendered":"<p class=\"p1\">Capacit\u00e9 du R\u00e9frig\u00e9rateur (L): 140 L<\/p>\n<p class=\"p1\">\u2022 Couleur du produit : Silver<\/p>\n<p class=\"p1\">\u2022 Type de Refroidissement: Defrost<\/p>\n<p class=\"p1\">\u2022 Economie d\u2019\u00e9nergie<\/p>\n<p class=\"p1\">\u2022 Porte R\u00e9versible<\/p>\n<p class=\"p1\">\u2022 Serrure de S\u00e9curit\u00e9<\/p>\n<p class=\"p1\">\u2022 Etag\u00e8res en Verre Tremp\u00e9<\/p>\n<p class=\"p1\">\u2022 Dimensions du Produit (H*L*P) cm:<\/p>\n<p class=\"p1\">85 * 47.5 * 44,5<\/p>\n","protected":false},"featured_media":23740,"comment_status":"open","ping_status":"closed","template":"","meta":[],"product_cat":[41],"product_tag":[],"class_list":{"0":"post-22613","1":"product","2":"type-product","3":"status-publish","4":"has-post-thumbnail","6":"product_cat-refrigerateur","8":"first","9":"instock","10":"shipping-taxable","11":"product-type-simple"},"_links":{"self":[{"href":"https:\/\/maxwell.in-stack.com\/index.php\/wp-json\/wp\/v2\/product\/22613","targetHints":{"allow":["GET"]}}],"collection":[{"href":"https:\/\/maxwell.in-stack.com\/index.php\/wp-json\/wp\/v2\/product"}],"about":[{"href":"https:\/\/maxwell.in-stack.com\/index.php\/wp-json\/wp\/v2\/types\/product"}],"replies":[{"embeddable":true,"href":"https:\/\/maxwell.in-stack.com\/index.php\/wp-json\/wp\/v2\/comments?post=22613"}],"version-history":[{"count":4,"href":"https:\/\/maxwell.in-stack.com\/index.php\/wp-json\/wp\/v2\/product\/22613\/revisions"}],"predecessor-version":[{"id":23868,"href":"https:\/\/maxwell.in-stack.com\/index.php\/wp-json\/wp\/v2\/product\/22613\/revisions\/23868"}],"wp:featuredmedia":[{"embeddable":true,"href":"https:\/\/maxwell.in-stack.com\/index.php\/wp-json\/wp\/v2\/media\/23740"}],"wp:attachment":[{"href":"https:\/\/maxwell.in-stack.com\/index.php\/wp-json\/wp\/v2\/media?parent=22613"}],"wp:term":[{"taxonomy":"product_cat","embeddable":true,"href":"https:\/\/maxwell.in-stack.com\/index.php\/wp-json\/wp\/v2\/product_cat?post=22613"},{"taxonomy":"product_tag","embeddable":true,"href":"https:\/\/maxwell.in-stack.com\/index.php\/wp-json\/wp\/v2\/product_tag?post=22613"}],"curies":[{"name":"wp","href":"https:\/\/api.w.org\/{rel}","templated":true}]}}