{"id":22660,"date":"2025-06-25T15:08:06","date_gmt":"2025-06-25T13:08:06","guid":{"rendered":"https:\/\/maxwell.in-stack.com\/?post_type=product&#038;p=22660"},"modified":"2025-12-30T16:15:51","modified_gmt":"2025-12-30T15:15:51","slug":"climatiseur-max-wmfl12c6dsfd-iv","status":"publish","type":"product","link":"https:\/\/maxwell.in-stack.com\/index.php\/produit\/climatiseur-max-wmfl12c6dsfd-iv\/","title":{"rendered":"LAVE LINGE MAX-WMFL12C6DSFD-IV"},"content":{"rendered":"<p><strong>MAX &#8211; WMFL 12C6 DSFD &#8211; IV<\/strong><\/p>\n<p><strong>Technologie 3D SteamCare [Programmes \u00e0 Vapeur]<\/strong><\/p>\n<p>La technologie vapeur haute temp\u00e9rature p\u00e9n\u00e8tre en profondeur pour \u00e9liminer les taches, neutraliser les odeurs et st\u00e9riliser.<\/p>\n<p><strong>Fonction Add Wash<\/strong><\/p>\n<p>Permet d\u2019ajouter les v\u00eatements oubli\u00e9s en suspendant le programme en cours pour ouvrir la porte et ins\u00e9rer les articles dans le tambour.<\/p>\n<p><strong>Fonction Lavage express 15\u2019<\/strong><\/p>\n<p>Ce mode est un cycle rapide et efficace, id\u00e9al pour les petites quantit\u00e9s de linge peu sales. Il assure un nettoyage satisfaisant en seulement 15 minutes, avec une consommation optimis\u00e9e en eau et en \u00e9nergie.<\/p>\n<p><strong>Fonction Power-off Memory<\/strong><\/p>\n<p>Permet de reprendre le programme en cours apr\u00e8s une panne ou une coupure de courant, \u00e9vitant un red\u00e9marrage et \u00e9conomisant du temps.<\/p>\n<p><strong>Fonction High Temp. Wash (90\u00b0C)<\/strong><\/p>\n<p>Permet un lavage \u00e0 90 \u00b0C pour une st\u00e9rilisation efficace, id\u00e9ale pour les v\u00eatements de b\u00e9b\u00e9 et de maman.<\/p>\n<p><strong>D\u00e9part\/Fin diff\u00e9r\u00e9s programmables<\/strong><\/p>\n<p>Permet de programmer le d\u00e9marrage ou la fin du lavage entre 1 heure et 24 heures pour plus de flexibilit\u00e9.<\/p>\n<p><strong>S\u00e9curit\u00e9 Enfants<\/strong><\/p>\n<p>S\u00e9curise la machine en emp\u00eachant toute intervention accidentelle des enfants pendant son fonctionnement.<\/p>\n<p><strong>Fonction FuzzyWeighing<\/strong><\/p>\n<p>D\u00e9tection automatique de la charge, afin de d\u00e9terminer automatiquement la quantit\u00e9 d&#8217;eau \u00e0 utiliser.<\/p>\n<p><strong>Moteur BLDC Inverter<\/strong><\/p>\n<p>Le moteur BLDC Inverter r\u00e9duit le frottement gr\u00e2ce \u00e0 sa technologie sans balais, offrant un lavage plus silencieux, plus stable et plus \u00e9conome en \u00e9nergie, avec une meilleure long\u00e9vit\u00e9.<\/p>\n<ul>\n<li>Capacit\u00e9 (kg) : 12 kg<\/li>\n<li>Nombre de Programmes : 14<\/li>\n<li>Classe \u00c9nerg\u00e9tique : A+++<\/li>\n<li>\u00c9cran LCD Digital Tactile<\/li>\n<li>Vitesse d&#8217;Essorage (rpm) : 1400<\/li>\n<li>Dimensions (LPH) : 59,8 \u00d7 61 \u00d7 85 cm<\/li>\n<\/ul>\n","protected":false},"excerpt":{"rendered":"<p class=\"p1\">Couleur du Produit: Dark Silver<\/p>\n<p class=\"p1\">\u2022 Moteur BLDC Inverter<\/p>\n<p class=\"p1\">\u2022 Capacit\u00e9 de Lavage(kg): 12<\/p>\n<p class=\"p1\">\u2022 Capacit\u00e9 de S\u00e9chage (kg): 6.0<\/p>\n<p class=\"p1\">\u2022 Vitesse d\u2019Essorage (tr\/min): 1400<\/p>\n<p class=\"p1\">\u2022 Nombre de Programmes: 18<\/p>\n<p class=\"p1\">\u2022 Classe Energ\u00e9tique: A<\/p>\n<p class=\"p1\">\u2022 Ecran 100% Digital avec control Tactile<\/p>\n<p class=\"p1\">\u2022 Fonction Ajout de Linge (AddWash)<\/p>\n<p class=\"p1\">\u2022 Programme Vapeur (3D SteamCare)<\/p>\n<p class=\"p1\">\u2022 Programme Nettoyage Tambour<\/p>\n<p class=\"p1\">\u2022 Programme Lavage Rapide 15mn<\/p>\n<p class=\"p1\">\u2022 D\u00e9pat \/ Fin diff\u00e9r\u00e9e programmable<\/p>\n<p class=\"p1\">\u2022 Lavage \u00e0 haute-temp\u00e9rature (85\u00b0)<\/p>\n<p class=\"p1\">\u2022 D\u00e9tection automatique de la charge<\/p>\n<p class=\"p1\">\u2022 Dimensions du Produit (HxLxP , cm):<\/p>\n<p class=\"p1\">84.5&#215;59.8&#215;60.8<\/p>\n","protected":false},"featured_media":23741,"comment_status":"open","ping_status":"closed","template":"","meta":[],"product_cat":[104],"product_tag":[],"class_list":{"0":"post-22660","1":"product","2":"type-product","3":"status-publish","4":"has-post-thumbnail","6":"product_cat-lave-linge","8":"first","9":"instock","10":"shipping-taxable","11":"product-type-simple"},"_links":{"self":[{"href":"https:\/\/maxwell.in-stack.com\/index.php\/wp-json\/wp\/v2\/product\/22660","targetHints":{"allow":["GET"]}}],"collection":[{"href":"https:\/\/maxwell.in-stack.com\/index.php\/wp-json\/wp\/v2\/product"}],"about":[{"href":"https:\/\/maxwell.in-stack.com\/index.php\/wp-json\/wp\/v2\/types\/product"}],"replies":[{"embeddable":true,"href":"https:\/\/maxwell.in-stack.com\/index.php\/wp-json\/wp\/v2\/comments?post=22660"}],"version-history":[{"count":4,"href":"https:\/\/maxwell.in-stack.com\/index.php\/wp-json\/wp\/v2\/product\/22660\/revisions"}],"predecessor-version":[{"id":23880,"href":"https:\/\/maxwell.in-stack.com\/index.php\/wp-json\/wp\/v2\/product\/22660\/revisions\/23880"}],"wp:featuredmedia":[{"embeddable":true,"href":"https:\/\/maxwell.in-stack.com\/index.php\/wp-json\/wp\/v2\/media\/23741"}],"wp:attachment":[{"href":"https:\/\/maxwell.in-stack.com\/index.php\/wp-json\/wp\/v2\/media?parent=22660"}],"wp:term":[{"taxonomy":"product_cat","embeddable":true,"href":"https:\/\/maxwell.in-stack.com\/index.php\/wp-json\/wp\/v2\/product_cat?post=22660"},{"taxonomy":"product_tag","embeddable":true,"href":"https:\/\/maxwell.in-stack.com\/index.php\/wp-json\/wp\/v2\/product_tag?post=22660"}],"curies":[{"name":"wp","href":"https:\/\/api.w.org\/{rel}","templated":true}]}}