{"id":22733,"date":"2025-06-26T00:47:18","date_gmt":"2025-06-25T22:47:18","guid":{"rendered":"https:\/\/maxwell.in-stack.com\/?post_type=product&#038;p=22733"},"modified":"2025-12-30T16:15:50","modified_gmt":"2025-12-30T15:15:50","slug":"plaque-de-cuisson-max-p6tsfn","status":"publish","type":"product","link":"https:\/\/maxwell.in-stack.com\/index.php\/produit\/plaque-de-cuisson-max-p6tsfn\/","title":{"rendered":"PLAQUE DE CUISSON MAX-P6TSFN"},"content":{"rendered":"<p><strong>MAX &#8211; P 6 TSFN<\/strong><\/p>\n<p><strong>Polyvalence du Gaz<\/strong><\/p>\n<p>Les plaques de cuisson \u00e0 gaz MAXWELL offrent un contr\u00f4le pr\u00e9cis de la temp\u00e9rature et une r\u00e9activit\u00e9 instantan\u00e9e. Ajustez la flamme selon vos besoins et r\u00e9ussissez toutes vos pr\u00e9parations, des mijot\u00e9s d\u00e9licats aux cuissons vives. Une polyvalence totale pour exprimer toute votre cr\u00e9ativit\u00e9 en cuisine.<\/p>\n<p><strong>Fonte ultra r\u00e9sistante<\/strong><\/p>\n<p>Les grilles en fonte garantissent une stabilit\u00e9 parfaite et une r\u00e9sistance exceptionnelle face \u00e0 la chaleur et aux ustensiles de tous formats. Leur conception en plusieurs pi\u00e8ces amovibles facilite la manipulation et le nettoyage, pour un entretien simple et durable.<\/p>\n<p><strong>WOK Burner<\/strong><\/p>\n<p>Le br\u00fbleur WOK haute puissance permet une cuisson rapide et homog\u00e8ne. Son feu vif et pr\u00e9cis est id\u00e9al pour saisir, frire ou cuire vos plats en un temps record, tout en conservant leurs saveurs authentiques.<\/p>\n<p><strong>EasyClean<\/strong><\/p>\n<p>Gr\u00e2ce \u00e0 son rev\u00eatement EasyClean, la table de cuisson MAXWELL se nettoie en un geste. Un simple coup de chiffon humide suffit pour retrouver une surface propre et brillante, sans effort ni produits agressifs.<\/p>\n<ul>\n<li>Couleur du Produit : Noir<\/li>\n<li>Configuration de Table :4 Gaz<\/li>\n<li>Type d&#8217;allumage :Integr\u00e9<\/li>\n<li>Grille Semi-Font<\/li>\n<li>Thermocouple<\/li>\n<li>Nettoyage Facile<\/li>\n<li>Dimensions du Produit (P*L)cm: 60*60<\/li>\n<\/ul>\n","protected":false},"excerpt":{"rendered":"<p class=\"p1\">Couleur du Produit : Noir<\/p>\n<p class=\"p1\">\u2022 Configuration de Table :4 Gaz<\/p>\n<p class=\"p1\">\u2022 Type d&#8217;allumage :Integr\u00e9<\/p>\n<p class=\"p1\">\u2022 Grille Semi-Font<\/p>\n<p class=\"p1\">\u2022 Thermocouple<\/p>\n<p class=\"p1\">\u2022 Nettoyage Facile<\/p>\n<p class=\"p1\">\u2022 Dimensions du Produit (P*L)cm: 60*60<\/p>\n","protected":false},"featured_media":23742,"comment_status":"open","ping_status":"closed","template":"","meta":[],"product_cat":[106],"product_tag":[],"class_list":{"0":"post-22733","1":"product","2":"type-product","3":"status-publish","4":"has-post-thumbnail","6":"product_cat-plaque-de-cuisson","8":"first","9":"instock","10":"shipping-taxable","11":"product-type-simple"},"_links":{"self":[{"href":"https:\/\/maxwell.in-stack.com\/index.php\/wp-json\/wp\/v2\/product\/22733","targetHints":{"allow":["GET"]}}],"collection":[{"href":"https:\/\/maxwell.in-stack.com\/index.php\/wp-json\/wp\/v2\/product"}],"about":[{"href":"https:\/\/maxwell.in-stack.com\/index.php\/wp-json\/wp\/v2\/types\/product"}],"replies":[{"embeddable":true,"href":"https:\/\/maxwell.in-stack.com\/index.php\/wp-json\/wp\/v2\/comments?post=22733"}],"version-history":[{"count":5,"href":"https:\/\/maxwell.in-stack.com\/index.php\/wp-json\/wp\/v2\/product\/22733\/revisions"}],"predecessor-version":[{"id":23851,"href":"https:\/\/maxwell.in-stack.com\/index.php\/wp-json\/wp\/v2\/product\/22733\/revisions\/23851"}],"wp:featuredmedia":[{"embeddable":true,"href":"https:\/\/maxwell.in-stack.com\/index.php\/wp-json\/wp\/v2\/media\/23742"}],"wp:attachment":[{"href":"https:\/\/maxwell.in-stack.com\/index.php\/wp-json\/wp\/v2\/media?parent=22733"}],"wp:term":[{"taxonomy":"product_cat","embeddable":true,"href":"https:\/\/maxwell.in-stack.com\/index.php\/wp-json\/wp\/v2\/product_cat?post=22733"},{"taxonomy":"product_tag","embeddable":true,"href":"https:\/\/maxwell.in-stack.com\/index.php\/wp-json\/wp\/v2\/product_tag?post=22733"}],"curies":[{"name":"wp","href":"https:\/\/api.w.org\/{rel}","templated":true}]}}