{"id":22740,"date":"2025-06-26T00:59:57","date_gmt":"2025-06-25T22:59:57","guid":{"rendered":"https:\/\/maxwell.in-stack.com\/?post_type=product&#038;p=22740"},"modified":"2025-12-30T16:15:49","modified_gmt":"2025-12-30T15:15:49","slug":"hottes-max-h6dx","status":"publish","type":"product","link":"https:\/\/maxwell.in-stack.com\/index.php\/produit\/hottes-max-h6dx\/","title":{"rendered":"HOTTES MAX-H6DX"},"content":{"rendered":"<p><strong>MAX &#8211; H 6 D X<\/strong><\/p>\n<p><strong>Type D\u00e9corative<\/strong><\/p>\n<p><strong>Design inclin\u00e9<\/strong><\/p>\n<p>Le design inclin\u00e9e de la hotte MAXWELL offre une large zone d\u2019aspiration tout en optimisant l\u2019espace de votre cuisine. Avec sa chemin\u00e9e en inox et sa fa\u00e7ade en verre, elle allie \u00e9l\u00e9gance et modernit\u00e9. Sa conception fine permet un gain d\u2019espace en profondeur et une meilleure visibilit\u00e9 sur votre surface de cuisson.<\/p>\n<ul>\n<li>Couleur du produit : Verre Noir<\/li>\n<li>Digital + Tactil<\/li>\n<li>Capacit\u00e9 de Ventilation Max (m\u00b3\/h): 650<\/li>\n<li>Filtre \u00e0 Charbon<\/li>\n<li>Niveau de Puissance : 3<\/li>\n<li>T\u00e9l\u00e9commande<\/li>\n<li>Dimensions du Produit(P*L*H): 51*60*36 cm<\/li>\n<\/ul>\n<p><strong>Puissance d\u2019aspiration<\/strong><\/p>\n<p>Silencieuse mais puissante, la hotte MAXWELL garantit une excellente performance d\u2019aspiration. Son d\u00e9bit \u00e9lev\u00e9 filtre efficacement l\u2019air et \u00e9limine les fum\u00e9es et graisses. Les vitesses d\u2019aspiration r\u00e9glables s\u2019adaptent \u00e0 chaque type de cuisson gr\u00e2ce \u00e0 un panneau de commande pr\u00e9cis.<\/p>\n<p><strong>Commande digitale intuitive<\/strong><\/p>\n<p>L\u2019afficheur LED et le panneau tactile vous offrent un contr\u00f4le simple et rapide de votre hotte. Vous pouvez ajuster le d\u00e9bit d\u2019aspiration en un geste et profiter d\u2019une utilisation fluide et confortable au quotidien.<\/p>\n<p><strong>Filtre \u00e0 charbon actif<\/strong><\/p>\n<p>Le filtre \u00e0 charbon actif neutralise efficacement toutes les odeurs de cuisson, pour une atmosph\u00e8re propre et saine. Facile \u00e0 entretenir, il maintient la qualit\u00e9 de l\u2019air de votre cuisine et garantit un environnement toujours agr\u00e9able.<\/p>\n","protected":false},"excerpt":{"rendered":"<p class=\"p1\">Type D\u00e9corative<\/p>\n<p class=\"p1\">\u2022 Couleur du produit : Verre Noir<\/p>\n<p class=\"p1\">\u2022 Digital + Tactil<\/p>\n<p class=\"p1\">\u2022 Capacit\u00e9 de Ventilation Max (m\u00b3 \/h): 650<\/p>\n<p class=\"p1\">\u2022 Filtre \u00e0 Carbon<\/p>\n<p class=\"p1\">\u2022 Niveau de Puissance : 3<\/p>\n<p class=\"p1\">\u2022 T\u00e9l\u00e9commande<\/p>\n<p class=\"p1\">\u2022 Dimensions du Produit(P*L*H):<\/p>\n<p class=\"p1\">51*60*36cm<\/p>\n","protected":false},"featured_media":23744,"comment_status":"open","ping_status":"closed","template":"","meta":[],"product_cat":[107],"product_tag":[],"class_list":{"0":"post-22740","1":"product","2":"type-product","3":"status-publish","4":"has-post-thumbnail","6":"product_cat-hottes","8":"first","9":"instock","10":"shipping-taxable","11":"product-type-simple"},"_links":{"self":[{"href":"https:\/\/maxwell.in-stack.com\/index.php\/wp-json\/wp\/v2\/product\/22740","targetHints":{"allow":["GET"]}}],"collection":[{"href":"https:\/\/maxwell.in-stack.com\/index.php\/wp-json\/wp\/v2\/product"}],"about":[{"href":"https:\/\/maxwell.in-stack.com\/index.php\/wp-json\/wp\/v2\/types\/product"}],"replies":[{"embeddable":true,"href":"https:\/\/maxwell.in-stack.com\/index.php\/wp-json\/wp\/v2\/comments?post=22740"}],"version-history":[{"count":4,"href":"https:\/\/maxwell.in-stack.com\/index.php\/wp-json\/wp\/v2\/product\/22740\/revisions"}],"predecessor-version":[{"id":23838,"href":"https:\/\/maxwell.in-stack.com\/index.php\/wp-json\/wp\/v2\/product\/22740\/revisions\/23838"}],"wp:featuredmedia":[{"embeddable":true,"href":"https:\/\/maxwell.in-stack.com\/index.php\/wp-json\/wp\/v2\/media\/23744"}],"wp:attachment":[{"href":"https:\/\/maxwell.in-stack.com\/index.php\/wp-json\/wp\/v2\/media?parent=22740"}],"wp:term":[{"taxonomy":"product_cat","embeddable":true,"href":"https:\/\/maxwell.in-stack.com\/index.php\/wp-json\/wp\/v2\/product_cat?post=22740"},{"taxonomy":"product_tag","embeddable":true,"href":"https:\/\/maxwell.in-stack.com\/index.php\/wp-json\/wp\/v2\/product_tag?post=22740"}],"curies":[{"name":"wp","href":"https:\/\/api.w.org\/{rel}","templated":true}]}}