{"id":22744,"date":"2025-06-26T01:05:49","date_gmt":"2025-06-25T23:05:49","guid":{"rendered":"https:\/\/maxwell.in-stack.com\/?post_type=product&#038;p=22744"},"modified":"2025-12-30T16:15:49","modified_gmt":"2025-12-30T15:15:49","slug":"hottes-max-h6px","status":"publish","type":"product","link":"https:\/\/maxwell.in-stack.com\/index.php\/produit\/hottes-max-h6px\/","title":{"rendered":"HOTTES MAX-H6PX"},"content":{"rendered":"<p><strong>MAX &#8211; H 6 P X<\/strong><\/p>\n<p><strong>Puissance d\u2019aspiration<\/strong><\/p>\n<p>Silencieuse mais puissante, la hotte MAXWELL garantit une excellente performance d\u2019aspiration. Son d\u00e9bit \u00e9lev\u00e9 filtre efficacement l\u2019air et \u00e9limine les fum\u00e9es et graisses. Les vitesses d\u2019aspiration r\u00e9glables s\u2019adaptent \u00e0 chaque type de cuisson gr\u00e2ce \u00e0 un panneau de commande pr\u00e9cis.<\/p>\n<p><strong>Filtre \u00e0 charbon actif<\/strong><\/p>\n<p>Le filtre \u00e0 charbon actif neutralise efficacement toutes les odeurs de cuisson, pour une atmosph\u00e8re propre et saine. Facile \u00e0 entretenir, il maintient la qualit\u00e9 de l\u2019air de votre cuisine et garantit un environnement toujours agr\u00e9able.<\/p>\n<p><strong>Type Pyramide<\/strong><\/p>\n<ul>\n<li>Couleur du produit :Grise<\/li>\n<li>Filtre \u00e0 Charbon<\/li>\n<li>Capacit\u00e9 de Ventilation Max (m\u00b3\/h): 450<\/li>\n<li>Type de filtre en aluminium lavable<\/li>\n<li>Niveau de Puissance : 3<\/li>\n<li>Dimensions du Produit(P*L*H): 45*60*20 cm<\/li>\n<\/ul>\n","protected":false},"excerpt":{"rendered":"<p class=\"p1\">Type Pyramide<\/p>\n<p class=\"p1\">\u2022 Couleur du produit :Grise<\/p>\n<p class=\"p1\">\u2022 Filtre \u00e0 Carbon<\/p>\n<p class=\"p1\">\u2022 Capacit\u00e9 de Ventilation Max (m\u00b3 \/h): 450<\/p>\n<p class=\"p1\">\u2022 Type de filtre en aluminium lavable<\/p>\n<p class=\"p1\">\u2022 Niveau de Puissance : 3<\/p>\n<p class=\"p1\">\u2022 Dimensions du Produit(P*L*H):<\/p>\n<p class=\"p1\">45*60*20cm<\/p>\n","protected":false},"featured_media":23745,"comment_status":"open","ping_status":"closed","template":"","meta":[],"product_cat":[107],"product_tag":[],"class_list":{"0":"post-22744","1":"product","2":"type-product","3":"status-publish","4":"has-post-thumbnail","6":"product_cat-hottes","8":"first","9":"instock","10":"shipping-taxable","11":"product-type-simple"},"_links":{"self":[{"href":"https:\/\/maxwell.in-stack.com\/index.php\/wp-json\/wp\/v2\/product\/22744","targetHints":{"allow":["GET"]}}],"collection":[{"href":"https:\/\/maxwell.in-stack.com\/index.php\/wp-json\/wp\/v2\/product"}],"about":[{"href":"https:\/\/maxwell.in-stack.com\/index.php\/wp-json\/wp\/v2\/types\/product"}],"replies":[{"embeddable":true,"href":"https:\/\/maxwell.in-stack.com\/index.php\/wp-json\/wp\/v2\/comments?post=22744"}],"version-history":[{"count":4,"href":"https:\/\/maxwell.in-stack.com\/index.php\/wp-json\/wp\/v2\/product\/22744\/revisions"}],"predecessor-version":[{"id":23839,"href":"https:\/\/maxwell.in-stack.com\/index.php\/wp-json\/wp\/v2\/product\/22744\/revisions\/23839"}],"wp:featuredmedia":[{"embeddable":true,"href":"https:\/\/maxwell.in-stack.com\/index.php\/wp-json\/wp\/v2\/media\/23745"}],"wp:attachment":[{"href":"https:\/\/maxwell.in-stack.com\/index.php\/wp-json\/wp\/v2\/media?parent=22744"}],"wp:term":[{"taxonomy":"product_cat","embeddable":true,"href":"https:\/\/maxwell.in-stack.com\/index.php\/wp-json\/wp\/v2\/product_cat?post=22744"},{"taxonomy":"product_tag","embeddable":true,"href":"https:\/\/maxwell.in-stack.com\/index.php\/wp-json\/wp\/v2\/product_tag?post=22744"}],"curies":[{"name":"wp","href":"https:\/\/api.w.org\/{rel}","templated":true}]}}