{"id":22825,"date":"2025-08-16T12:41:06","date_gmt":"2025-08-16T10:41:06","guid":{"rendered":"https:\/\/maxwell.in-stack.com\/?post_type=product&#038;p=22825"},"modified":"2025-12-30T10:34:31","modified_gmt":"2025-12-30T09:34:31","slug":"max-rddf380s","status":"publish","type":"product","link":"https:\/\/maxwell.in-stack.com\/index.php\/produit\/max-rddf380s\/","title":{"rendered":"R\u00e9frig\u00e9rateur MAX-RDDF380S"},"content":{"rendered":"","protected":false},"excerpt":{"rendered":"<p class=\"p1\">Capacit\u00e9 du R\u00e9frig\u00e9rateur (L): 380 L<\/p>\n<p class=\"p1\">\u2022 Couleur du produit : Silver<\/p>\n<p class=\"p1\">\u2022 Type de Refroidissement: Defrost<\/p>\n<p class=\"p1\">\u2022 Lumi\u00e8re LED<\/p>\n<p class=\"p1\">\u2022 Economie d&#8217;\u00e9nergie<\/p>\n<p class=\"p1\">\u2022 Porte R\u00e9versible<\/p>\n<p class=\"p1\">\u2022 Dimensions du Produit<\/p>\n<p class=\"p1\">(H*L*P) cm: 174,5 * 59 * 55,1<\/p>\n","protected":false},"featured_media":22827,"comment_status":"open","ping_status":"closed","template":"","meta":[],"product_cat":[41],"product_tag":[],"class_list":{"0":"post-22825","1":"product","2":"type-product","3":"status-publish","4":"has-post-thumbnail","6":"product_cat-refrigerateur","7":"ts_product_brand-maxwell","9":"first","10":"instock","11":"shipping-taxable","12":"product-type-simple"},"_links":{"self":[{"href":"https:\/\/maxwell.in-stack.com\/index.php\/wp-json\/wp\/v2\/product\/22825","targetHints":{"allow":["GET"]}}],"collection":[{"href":"https:\/\/maxwell.in-stack.com\/index.php\/wp-json\/wp\/v2\/product"}],"about":[{"href":"https:\/\/maxwell.in-stack.com\/index.php\/wp-json\/wp\/v2\/types\/product"}],"replies":[{"embeddable":true,"href":"https:\/\/maxwell.in-stack.com\/index.php\/wp-json\/wp\/v2\/comments?post=22825"}],"version-history":[{"count":2,"href":"https:\/\/maxwell.in-stack.com\/index.php\/wp-json\/wp\/v2\/product\/22825\/revisions"}],"predecessor-version":[{"id":23000,"href":"https:\/\/maxwell.in-stack.com\/index.php\/wp-json\/wp\/v2\/product\/22825\/revisions\/23000"}],"wp:featuredmedia":[{"embeddable":true,"href":"https:\/\/maxwell.in-stack.com\/index.php\/wp-json\/wp\/v2\/media\/22827"}],"wp:attachment":[{"href":"https:\/\/maxwell.in-stack.com\/index.php\/wp-json\/wp\/v2\/media?parent=22825"}],"wp:term":[{"taxonomy":"product_cat","embeddable":true,"href":"https:\/\/maxwell.in-stack.com\/index.php\/wp-json\/wp\/v2\/product_cat?post=22825"},{"taxonomy":"product_tag","embeddable":true,"href":"https:\/\/maxwell.in-stack.com\/index.php\/wp-json\/wp\/v2\/product_tag?post=22825"}],"curies":[{"name":"wp","href":"https:\/\/api.w.org\/{rel}","templated":true}]}}