{"id":22843,"date":"2025-08-16T12:54:42","date_gmt":"2025-08-16T10:54:42","guid":{"rendered":"https:\/\/maxwell.in-stack.com\/?post_type=product&#038;p=22843"},"modified":"2025-12-30T16:15:49","modified_gmt":"2025-12-30T15:15:49","slug":"max-chdh150b","status":"publish","type":"product","link":"https:\/\/maxwell.in-stack.com\/index.php\/produit\/max-chdh150b\/","title":{"rendered":"MAX-CHDH150B"},"content":{"rendered":"<p><strong>Eco Friendly<\/strong><\/p>\n<p>Les r\u00e9frig\u00e9rateurs MAXWELL int\u00e8grent des composants \u00e0 haute efficacit\u00e9 \u00e9nerg\u00e9tique pour une consommation r\u00e9duite. Ils contribuent \u00e0 pr\u00e9server l\u2019environnement tout en all\u00e9geant votre facture d\u2019\u00e9lectricit\u00e9.<\/p>\n<p><strong>MAX &#8211; CHDH 150 B Capacit\u00e9 Brute (L): 150 L<\/strong><\/p>\n<ul>\n<li>Couleur du produit : Blanc<\/li>\n<li>Type de Refroidissement: Defrost<\/li>\n<li>Lumi\u00e8re LED<\/li>\n<li>Economie d&#8217;\u00e9nergie<\/li>\n<li>Fonction de Super Cong\u00e9lation<\/li>\n<li>Porte Vitr\u00e9e Int\u00e9rieur<\/li>\n<li>Serrure de s\u00e9curit\u00e9<\/li>\n<li>Dimensions du Produit (H*L*P) cm: 84,5 * 54,5 * 55<\/li>\n<\/ul>\n<p><strong>Super Cooling<\/strong><\/p>\n<p>La technologie Super Cooling active un refroidissement intensif pendant 2 heures pour rafra\u00eechir rapidement vos aliments. \u00c0 la fin du cycle, l\u2019appareil r\u00e9tablit automatiquement sa temp\u00e9rature initiale pour une conservation optimale et une gestion efficace de l\u2019\u00e9nergie.<\/p>\n<p><strong>\u00c9clairage LED<\/strong><\/p>\n<p>\u00c9clairage LED brillant, avec une faible consommation d\u2019\u00e9nergie et une longue dur\u00e9e de vie.<\/p>\n","protected":false},"excerpt":{"rendered":"<p class=\"p1\">Capacit\u00e9 Brute (L): 200 L<\/p>\n<p class=\"p1\">\u2022 Couleur du produit : Blanc<\/p>\n<p class=\"p1\">\u2022 Type de Refroidissement: Defrost<\/p>\n<p class=\"p1\">\u2022 Lumi\u00e8re LED<\/p>\n<p class=\"p1\">\u2022 Economie d&#8217;\u00e9nergie<\/p>\n<p class=\"p1\">\u2022 Fonction de Super Cong\u00e9lation<\/p>\n<p class=\"p1\">\u2022 Porte Vitr\u00e9e Int\u00e9rieur<\/p>\n<p class=\"p1\">\u2022 Serrure de S\u00e9curit\u00e9<\/p>\n<p class=\"p1\">\u2022 Dimensions du Produit<\/p>\n<p class=\"p1\">(H*L*P) cm: 84,5 * 70,5 * 54,5<\/p>\n","protected":false},"featured_media":22840,"comment_status":"open","ping_status":"closed","template":"","meta":[],"product_cat":[103],"product_tag":[],"class_list":{"0":"post-22843","1":"product","2":"type-product","3":"status-publish","4":"has-post-thumbnail","6":"product_cat-congelateurs","7":"ts_product_brand-maxwell","9":"first","10":"instock","11":"shipping-taxable","12":"product-type-simple"},"_links":{"self":[{"href":"https:\/\/maxwell.in-stack.com\/index.php\/wp-json\/wp\/v2\/product\/22843","targetHints":{"allow":["GET"]}}],"collection":[{"href":"https:\/\/maxwell.in-stack.com\/index.php\/wp-json\/wp\/v2\/product"}],"about":[{"href":"https:\/\/maxwell.in-stack.com\/index.php\/wp-json\/wp\/v2\/types\/product"}],"replies":[{"embeddable":true,"href":"https:\/\/maxwell.in-stack.com\/index.php\/wp-json\/wp\/v2\/comments?post=22843"}],"version-history":[{"count":3,"href":"https:\/\/maxwell.in-stack.com\/index.php\/wp-json\/wp\/v2\/product\/22843\/revisions"}],"predecessor-version":[{"id":23825,"href":"https:\/\/maxwell.in-stack.com\/index.php\/wp-json\/wp\/v2\/product\/22843\/revisions\/23825"}],"wp:featuredmedia":[{"embeddable":true,"href":"https:\/\/maxwell.in-stack.com\/index.php\/wp-json\/wp\/v2\/media\/22840"}],"wp:attachment":[{"href":"https:\/\/maxwell.in-stack.com\/index.php\/wp-json\/wp\/v2\/media?parent=22843"}],"wp:term":[{"taxonomy":"product_cat","embeddable":true,"href":"https:\/\/maxwell.in-stack.com\/index.php\/wp-json\/wp\/v2\/product_cat?post=22843"},{"taxonomy":"product_tag","embeddable":true,"href":"https:\/\/maxwell.in-stack.com\/index.php\/wp-json\/wp\/v2\/product_tag?post=22843"}],"curies":[{"name":"wp","href":"https:\/\/api.w.org\/{rel}","templated":true}]}}