{"id":22890,"date":"2025-08-16T14:29:26","date_gmt":"2025-08-16T12:29:26","guid":{"rendered":"https:\/\/maxwell.in-stack.com\/?post_type=product&#038;p=22890"},"modified":"2025-12-30T16:15:49","modified_gmt":"2025-12-30T15:15:49","slug":"four-encastrable-max-f6gedx","status":"publish","type":"product","link":"https:\/\/maxwell.in-stack.com\/index.php\/produit\/four-encastrable-max-f6gedx\/","title":{"rendered":"FOUR ENCASTRABLE MAX-F6GEDX"},"content":{"rendered":"<p><strong>MAX &#8211; F 6 GEDX<\/strong><\/p>\n<p><strong>Air Ventil\u00e9<\/strong><\/p>\n<p>Gr\u00e2ce \u00e0 son syst\u00e8me d\u2019air ventil\u00e9, le four MAXWELL assure une r\u00e9partition homog\u00e8ne de la chaleur dans toute la cavit\u00e9. Le ventilateur diffuse la chaleur de mani\u00e8re uniforme pour une cuisson plus rapide, r\u00e9guli\u00e8re et savoureuse, garantissant des plats parfaitement cuits \u00e0 chaque fois.<\/p>\n<p><strong>Multifonction<\/strong><\/p>\n<p>Le mode Multifonction permet d\u2019adapter la cuisson \u00e0 chaque recette. Profitez de la chaleur tournante pour des pr\u00e9parations uniformes, ou du grill puissant pour gratiner et dorer vos plats \u00e0 la perfection \u2014 m\u00eame les plus d\u00e9licats.<\/p>\n<p><strong>Parois Catalytiques<\/strong><\/p>\n<p>Les parois catalytiques du four MAXWELL assurent un entretien automatique pendant la cuisson. Leur surface absorbante d\u00e9truit les graisses et r\u00e9sidus projet\u00e9s, gardant l\u2019int\u00e9rieur du four propre, sain et sans effort.<\/p>\n<p><strong>Afficheur Digital LED<\/strong><\/p>\n<p>L\u2019\u00e9cran LED digital offre une lecture claire et un contr\u00f4le intuitif des programmes. Suivez facilement la cuisson, ajustez vos r\u00e9glages et profitez d\u2019un confort d\u2019utilisation optimal au quotidien.<\/p>\n<p><strong>Couleur du produit : INOX<\/strong><\/p>\n<ul>\n<li>GAZ -Electric<\/li>\n<li>Parois Catalytiques<\/li>\n<li>Turbo Fan<\/li>\n<li>Cooling Fan<\/li>\n<li>S\u00e9curit\u00e9 thermocouple<\/li>\n<li>Thermostat<\/li>\n<li>Allumage Auto<\/li>\n<li>Tourne broche<\/li>\n<li>Afficheur Digital<\/li>\n<li>Dimensions du Produit (P*L*H)cm: 64*60*60<\/li>\n<\/ul>\n","protected":false},"excerpt":{"rendered":"<p class=\"p1\">Couleur du produit : INOX<\/p>\n<p class=\"p1\">\u2022 GAZ -Electric<\/p>\n<p class=\"p1\">\u2022 Parois Catalytiques<\/p>\n<p class=\"p1\">\u2022 Turbo Fan<\/p>\n<p class=\"p1\">\u2022 Cooling Fan<\/p>\n<p class=\"p1\">\u2022 S\u00e9curit\u00e9 thermocouple<\/p>\n<p class=\"p1\">\u2022 Thermostat<\/p>\n<p class=\"p1\">\u2022 Allumage Auto<\/p>\n<p class=\"p1\">\u2022 Tourne broche<\/p>\n<p class=\"p1\">\u2022 Allicheur Digital<\/p>\n<p class=\"p1\">\u2022 Dimensions du Produit (P*L*H)cm:<\/p>\n<p class=\"p1\">64*60*60<\/p>\n","protected":false},"featured_media":22726,"comment_status":"open","ping_status":"closed","template":"","meta":[],"product_cat":[105],"product_tag":[],"class_list":{"0":"post-22890","1":"product","2":"type-product","3":"status-publish","4":"has-post-thumbnail","6":"product_cat-four-encastrable","8":"first","9":"instock","10":"shipping-taxable","11":"product-type-simple"},"_links":{"self":[{"href":"https:\/\/maxwell.in-stack.com\/index.php\/wp-json\/wp\/v2\/product\/22890","targetHints":{"allow":["GET"]}}],"collection":[{"href":"https:\/\/maxwell.in-stack.com\/index.php\/wp-json\/wp\/v2\/product"}],"about":[{"href":"https:\/\/maxwell.in-stack.com\/index.php\/wp-json\/wp\/v2\/types\/product"}],"replies":[{"embeddable":true,"href":"https:\/\/maxwell.in-stack.com\/index.php\/wp-json\/wp\/v2\/comments?post=22890"}],"version-history":[{"count":3,"href":"https:\/\/maxwell.in-stack.com\/index.php\/wp-json\/wp\/v2\/product\/22890\/revisions"}],"predecessor-version":[{"id":23835,"href":"https:\/\/maxwell.in-stack.com\/index.php\/wp-json\/wp\/v2\/product\/22890\/revisions\/23835"}],"wp:featuredmedia":[{"embeddable":true,"href":"https:\/\/maxwell.in-stack.com\/index.php\/wp-json\/wp\/v2\/media\/22726"}],"wp:attachment":[{"href":"https:\/\/maxwell.in-stack.com\/index.php\/wp-json\/wp\/v2\/media?parent=22890"}],"wp:term":[{"taxonomy":"product_cat","embeddable":true,"href":"https:\/\/maxwell.in-stack.com\/index.php\/wp-json\/wp\/v2\/product_cat?post=22890"},{"taxonomy":"product_tag","embeddable":true,"href":"https:\/\/maxwell.in-stack.com\/index.php\/wp-json\/wp\/v2\/product_tag?post=22890"}],"curies":[{"name":"wp","href":"https:\/\/api.w.org\/{rel}","templated":true}]}}