{"id":22902,"date":"2025-08-16T14:39:59","date_gmt":"2025-08-16T12:39:59","guid":{"rendered":"https:\/\/maxwell.in-stack.com\/?post_type=product&#038;p=22902"},"modified":"2025-12-30T16:15:49","modified_gmt":"2025-12-30T15:15:49","slug":"cuisinieres-max-ckf60b","status":"publish","type":"product","link":"https:\/\/maxwell.in-stack.com\/index.php\/produit\/cuisinieres-max-ckf60b\/","title":{"rendered":"CUISINIERES MAX-CKF60B"},"content":{"rendered":"<p><strong>MAX &#8211; CKF 60 B<\/strong><\/p>\n<p><strong>Air Ventil\u00e9<\/strong><\/p>\n<p>Le four ventil\u00e9 de votre cuisini\u00e8re MAXWELL assure une r\u00e9partition homog\u00e8ne de la chaleur gr\u00e2ce \u00e0 un ventilateur int\u00e9gr\u00e9. Cette technologie permet une cuisson plus rapide et uniforme pour des plats toujours r\u00e9ussis, alliant les avantages du gaz et de la chaleur tournante.<\/p>\n<p><strong>Thermocouple<\/strong><\/p>\n<p>Le syst\u00e8me de s\u00e9curit\u00e9 Thermocouple coupe automatiquement l\u2019arriv\u00e9e du gaz si la flamme s\u2019\u00e9teint. Vous profitez ainsi d\u2019une utilisation s\u00fbre et fiable de votre cuisini\u00e8re en toute tranquillit\u00e9.<\/p>\n<p><strong>Catalytic Clean<\/strong><\/p>\n<p>Les parois catalytiques de votre four MAXWELL absorbent et d\u00e9truisent les graisses pendant la cuisson. R\u00e9sultat : un nettoyage simplifi\u00e9 et un int\u00e9rieur toujours propre sans effort.<\/p>\n<p><strong>Fonte ultra r\u00e9sistante<\/strong><\/p>\n<p>Les grilles et supports en fonte offrent une stabilit\u00e9 parfaite et une r\u00e9sistance durable \u00e0 tous vos ustensiles. Amovibles, ils facilitent la manipulation et le nettoyage de votre surface de cuisson.<\/p>\n<ul>\n<li>Nbre de feux : 4<\/li>\n<li>Couleur: blanc<\/li>\n<li>Grille-Table de Travail : Fonte<\/li>\n<li>Allumage Integr\u00e9 : Avec Bouton<\/li>\n<li>Thermocouple plaque &#038; four<\/li>\n<li>Grille-Four : Gaz-Gaz<\/li>\n<li>Allumage du Four : Avec Bouton<\/li>\n<li>Ventilo<\/li>\n<li>Catalytique<\/li>\n<li>R\u00f4tisserie<\/li>\n<li>Minuterie M\u00e9canique<\/li>\n<li>S\u00e9curit\u00e9 de Gaz du Four<\/li>\n<li>Dimensions : 60 x 60 x 85<\/li>\n<\/ul>\n","protected":false},"excerpt":{"rendered":"<p class=\"p1\">Nbre de feux : 4<\/p>\n<p class=\"p1\">\u2022 Couleur: Silver<\/p>\n<p class=\"p1\">\u2022 Grille-Table de Travail : Fonte<\/p>\n<p class=\"p1\">\u2022 Allumage Integr\u00e9 : Avec Bouton<\/p>\n<p class=\"p1\">\u2022 Thermocouple plaque &amp; four<\/p>\n<p class=\"p1\">\u2022 Grille-Four : Gaz-Gaz<\/p>\n<p class=\"p1\">\u2022 Allumage du Four : Avec Bouton<\/p>\n<p class=\"p1\">\u2022 Ventilo<\/p>\n<p class=\"p1\">\u2022 Catalytique<\/p>\n<p class=\"p1\">\u2022 R\u00f4tisserie<\/p>\n<p class=\"p1\">\u2022 Minuterie M\u00e9canique<\/p>\n<p class=\"p1\">\u2022 S\u00e9curit\u00e9 de Gaz du Four<\/p>\n<p class=\"p1\">\u2022 Dimensions :60 x 60 x 85<\/p>\n","protected":false},"featured_media":22903,"comment_status":"open","ping_status":"closed","template":"","meta":[],"product_cat":[108],"product_tag":[],"class_list":{"0":"post-22902","1":"product","2":"type-product","3":"status-publish","4":"has-post-thumbnail","6":"product_cat-cuisinieres","7":"ts_product_brand-maxwell","9":"first","10":"instock","11":"shipping-taxable","12":"product-type-simple"},"_links":{"self":[{"href":"https:\/\/maxwell.in-stack.com\/index.php\/wp-json\/wp\/v2\/product\/22902","targetHints":{"allow":["GET"]}}],"collection":[{"href":"https:\/\/maxwell.in-stack.com\/index.php\/wp-json\/wp\/v2\/product"}],"about":[{"href":"https:\/\/maxwell.in-stack.com\/index.php\/wp-json\/wp\/v2\/types\/product"}],"replies":[{"embeddable":true,"href":"https:\/\/maxwell.in-stack.com\/index.php\/wp-json\/wp\/v2\/comments?post=22902"}],"version-history":[{"count":3,"href":"https:\/\/maxwell.in-stack.com\/index.php\/wp-json\/wp\/v2\/product\/22902\/revisions"}],"predecessor-version":[{"id":23830,"href":"https:\/\/maxwell.in-stack.com\/index.php\/wp-json\/wp\/v2\/product\/22902\/revisions\/23830"}],"wp:featuredmedia":[{"embeddable":true,"href":"https:\/\/maxwell.in-stack.com\/index.php\/wp-json\/wp\/v2\/media\/22903"}],"wp:attachment":[{"href":"https:\/\/maxwell.in-stack.com\/index.php\/wp-json\/wp\/v2\/media?parent=22902"}],"wp:term":[{"taxonomy":"product_cat","embeddable":true,"href":"https:\/\/maxwell.in-stack.com\/index.php\/wp-json\/wp\/v2\/product_cat?post=22902"},{"taxonomy":"product_tag","embeddable":true,"href":"https:\/\/maxwell.in-stack.com\/index.php\/wp-json\/wp\/v2\/product_tag?post=22902"}],"curies":[{"name":"wp","href":"https:\/\/api.w.org\/{rel}","templated":true}]}}