{"id":23604,"date":"2025-12-30T09:38:02","date_gmt":"2025-12-30T08:38:02","guid":{"rendered":"https:\/\/maxwell.in-stack.com\/index.php\/produit\/congelateurs-max-chdh360b\/"},"modified":"2025-12-30T16:15:49","modified_gmt":"2025-12-30T15:15:49","slug":"congelateurs-max-chdh360b","status":"publish","type":"product","link":"https:\/\/maxwell.in-stack.com\/index.php\/produit\/congelateurs-max-chdh360b\/","title":{"rendered":"CONGELATEURS MAX-CHDH360B"},"content":{"rendered":"<p><strong>Capacit\u00e9 Brute (L): 360 L<\/strong><\/p>\n<ul>\n<li>Couleur du produit : Blanc<\/li>\n<li>Type de Refroidissement: Defrost<\/li>\n<li>Lumi\u00e8re LED<\/li>\n<li>Economie d&#8217;\u00e9nergie<\/li>\n<li>Fonction de Super Cong\u00e9lation<\/li>\n<li>Porte Vitr\u00e9e Int\u00e9rieur<\/li>\n<li>Serrure de S\u00e9curit\u00e9<\/li>\n<li>Dimensions du Produit (H*L*P) cm: 84,5 * 95,4 * 61,6<\/li>\n<\/ul>\n<p><strong>MAX &#8211; CHDH 360 B<\/strong><\/p>\n<p><strong>Eco Friendly<\/strong><\/p>\n<p>Les cong\u00e9lateurs MAXWELL utilisent des composants \u00e0 haute efficacit\u00e9 \u00e9nerg\u00e9tique, con\u00e7us pour r\u00e9duire la consommation d\u2019\u00e9lectricit\u00e9 tout en maintenant des performances de cong\u00e9lation optimales. Ils permettent de pr\u00e9server l\u2019environnement tout en r\u00e9duisant votre facture \u00e9nerg\u00e9tique.<\/p>\n<p><strong>Super Cooling<\/strong><\/p>\n<p>La technologie Super Cooling active un refroidissement intensif pendant 2 heures pour rafra\u00eechir rapidement vos aliments. \u00c0 la fin du cycle, l\u2019appareil r\u00e9tablit automatiquement sa temp\u00e9rature initiale pour une conservation optimale et une gestion efficace de l\u2019\u00e9nergie.<\/p>\n","protected":false},"excerpt":{"rendered":"<p>Capacit\u00e9 Brute (L): 360 L Couleur du produit : Blanc Type de Refroidissement: Defrost Lumi\u00e8re LED Economie d&#8217;\u00e9nergie Fonction de Super Cong\u00e9lation Porte Vitr\u00e9e Int\u00e9rieur Serrure de S\u00e9curit\u00e9 Dimensions du Produit (H*L*P) cm: 84,5 * 95,4 * 61,6 MAX &#8211; CHDH 360 B Eco Friendly Les cong\u00e9lateurs MAXWELL utilisent des composants \u00e0 haute efficacit\u00e9 \u00e9nerg\u00e9tique, con\u00e7us pour r\u00e9duire la consommation d\u2019\u00e9lectricit\u00e9 tout en maintenant des performances de cong\u00e9lation optimales. Ils permettent de pr\u00e9server l\u2019environnement tout en r\u00e9duisant votre facture \u00e9nerg\u00e9tique. Super Cooling La technologie Super Cooling active un refroidissement intensif pendant 2 heures pour rafra\u00eechir rapidement vos aliments. \u00c0 la fin du cycle, l\u2019appareil r\u00e9tablit automatiquement sa temp\u00e9rature initiale pour une conservation optimale et une gestion efficace de l\u2019\u00e9nergie.<\/p>\n","protected":false},"featured_media":23445,"comment_status":"open","ping_status":"closed","template":"","meta":[],"product_cat":[103],"product_tag":[],"class_list":{"0":"post-23604","1":"product","2":"type-product","3":"status-publish","4":"has-post-thumbnail","6":"product_cat-congelateurs","8":"first","9":"instock","10":"shipping-taxable","11":"product-type-simple"},"_links":{"self":[{"href":"https:\/\/maxwell.in-stack.com\/index.php\/wp-json\/wp\/v2\/product\/23604","targetHints":{"allow":["GET"]}}],"collection":[{"href":"https:\/\/maxwell.in-stack.com\/index.php\/wp-json\/wp\/v2\/product"}],"about":[{"href":"https:\/\/maxwell.in-stack.com\/index.php\/wp-json\/wp\/v2\/types\/product"}],"replies":[{"embeddable":true,"href":"https:\/\/maxwell.in-stack.com\/index.php\/wp-json\/wp\/v2\/comments?post=23604"}],"version-history":[{"count":2,"href":"https:\/\/maxwell.in-stack.com\/index.php\/wp-json\/wp\/v2\/product\/23604\/revisions"}],"predecessor-version":[{"id":23827,"href":"https:\/\/maxwell.in-stack.com\/index.php\/wp-json\/wp\/v2\/product\/23604\/revisions\/23827"}],"wp:featuredmedia":[{"embeddable":true,"href":"https:\/\/maxwell.in-stack.com\/index.php\/wp-json\/wp\/v2\/media\/23445"}],"wp:attachment":[{"href":"https:\/\/maxwell.in-stack.com\/index.php\/wp-json\/wp\/v2\/media?parent=23604"}],"wp:term":[{"taxonomy":"product_cat","embeddable":true,"href":"https:\/\/maxwell.in-stack.com\/index.php\/wp-json\/wp\/v2\/product_cat?post=23604"},{"taxonomy":"product_tag","embeddable":true,"href":"https:\/\/maxwell.in-stack.com\/index.php\/wp-json\/wp\/v2\/product_tag?post=23604"}],"curies":[{"name":"wp","href":"https:\/\/api.w.org\/{rel}","templated":true}]}}