{"id":23637,"date":"2025-12-30T10:08:09","date_gmt":"2025-12-30T09:08:09","guid":{"rendered":"https:\/\/maxwell.in-stack.com\/index.php\/produit\/lave-vaisselle-max-lvm1637fdiv-di\/"},"modified":"2025-12-30T16:15:49","modified_gmt":"2025-12-30T15:15:49","slug":"lave-vaisselle-max-lvm1637fdiv-di","status":"publish","type":"product","link":"https:\/\/maxwell.in-stack.com\/index.php\/produit\/lave-vaisselle-max-lvm1637fdiv-di\/","title":{"rendered":"LAVE VAISSELLE MAX-LVM1637FDIV-DI"},"content":{"rendered":"<p><strong>MAX &#8211; LVM 1637 FDIV &#8211; DI<\/strong><\/p>\n<p><strong>Moteur Inverter<\/strong><\/p>\n<p>Le moteur Inverter du lave-vaisselle MAXWELL garantit une performance durable et silencieuse. Sa conception innovante r\u00e9duit consid\u00e9rablement les vibrations et le bruit, tout en prolongeant la dur\u00e9e de vie de l\u2019appareil et en am\u00e9liorant l\u2019efficacit\u00e9 du lavage.<\/p>\n<p><strong>S\u00e9chage+<\/strong><\/p>\n<p>La fonction S\u00e9chage+ garantit un r\u00e9sultat parfait et sans traces. En augmentant la temp\u00e9rature de l\u2019eau lors du rin\u00e7age, votre vaisselle est s\u00e9ch\u00e9e plus efficacement, pour une brillance optimale \u00e0 chaque cycle.<\/p>\n<p><strong>Nettoyage+<\/strong><\/p>\n<p>Le programme Nettoyage+ est con\u00e7u pour \u00e9liminer la salet\u00e9 incrust\u00e9e et les r\u00e9sidus tenaces. Gr\u00e2ce \u00e0 une temp\u00e9rature \u00e9lev\u00e9e et \u00e0 une action renforc\u00e9e, il assure une propret\u00e9 impeccable m\u00eame pour la vaisselle la plus sale.<\/p>\n<p><strong>D\u00e9marrage diff\u00e9r\u00e9<\/strong><\/p>\n<p>Avec la fonction d\u00e9marrage diff\u00e9r\u00e9, vous planifiez le lancement de votre lavage \u00e0 l\u2019heure qui vous convient. Vous pouvez d\u00e9caler le cycle jusqu\u2019\u00e0 24 heures, pour un lavage parfaitement adapt\u00e9 \u00e0 votre emploi du temps.<\/p>\n<p><strong>Demi charge<\/strong><\/p>\n<p>L\u2019option Demi charge permet d\u2019utiliser votre lave-vaisselle m\u00eame avec peu de vaisselle. Seule la buse du panier inf\u00e9rieur fonctionne, ce qui r\u00e9duit la consommation d\u2019eau et d\u2019\u00e9nergie, tout en gardant votre cuisine toujours propre et ordonn\u00e9e.<\/p>\n<ul>\n<li>D\u00e9marrage diff\u00e9r\u00e9 jusqu\u2019\u00e0 24 h<\/li>\n<li>Nombre de Couverts : 16<\/li>\n<\/ul>\n<p><strong>Nombre de Programmes : 7<\/strong><\/p>\n<p><strong>Moteur Inverter<\/strong><\/p>\n<p><strong>Afficheur Smart Digital Tactile<\/strong><\/p>\n<p><strong>3 Paniers Ajustables<\/strong><\/p>\n<p>Ouverture Automatique de la porte Classe \u00e9nerg\u00e9tique A+++<\/p>\n<p><strong>Fonction S\u00e9chage Plus<\/strong><\/p>\n<p><strong>Fonction Nettoyage Plus<\/strong><\/p>\n<p><strong>Fonction Turbo Speed Plus<\/strong><\/p>\n<p><strong>Fonction de Lavage Par Zone (Sup\u00e9rieur \/ Inf\u00e9rieur)<\/strong><\/p>\n<p>\u00c9clairage Int\u00e9rieur LED<\/p>\n<p><strong>D\u00e9part \/ Fin diff\u00e9r\u00e9e<\/strong><\/p>\n<ul>\n<li>programmable sur 24 H<\/li>\n<\/ul>\n<p><strong>S\u00e9curit\u00e9 Enfant<\/strong><\/p>\n","protected":false},"excerpt":{"rendered":"<p>MAX &#8211; LVM 1637 FDIV &#8211; DI Moteur Inverter Le moteur Inverter du lave-vaisselle MAXWELL garantit une performance durable et silencieuse. Sa conception innovante r\u00e9duit consid\u00e9rablement les vibrations et le bruit, tout en prolongeant la dur\u00e9e de vie de l\u2019appareil et en am\u00e9liorant l\u2019efficacit\u00e9 du lavage. S\u00e9chage+ La fonction S\u00e9chage+ garantit un r\u00e9sultat parfait et sans traces. En augmentant la temp\u00e9rature de l\u2019eau lors du rin\u00e7age, votre vaisselle est s\u00e9ch\u00e9e plus efficacement, pour une brillance optimale \u00e0 chaque cycle. Nettoyage+ Le programme Nettoyage+ est con\u00e7u pour \u00e9liminer la salet\u00e9 incrust\u00e9e et les r\u00e9sidus tenaces. Gr\u00e2ce \u00e0 une temp\u00e9rature \u00e9lev\u00e9e et \u00e0 une action renforc\u00e9e, il assure une propret\u00e9 impeccable m\u00eame pour la vaisselle la plus sale. D\u00e9marrage diff\u00e9r\u00e9 Avec la fonction d\u00e9marrage diff\u00e9r\u00e9, vous planifiez le lancement de votre lavage \u00e0 l\u2019heure qui vous convient. Vous pouvez d\u00e9caler le cycle jusqu\u2019\u00e0 24 heures, pour un lavage parfaitement adapt\u00e9 \u00e0 votre emploi du temps. Demi charge L\u2019option Demi charge permet d\u2019utiliser votre lave-vaisselle m\u00eame avec peu de vaisselle. Seule la buse du panier inf\u00e9rieur fonctionne, ce qui r\u00e9duit la consommation d\u2019eau et d\u2019\u00e9nergie, tout en gardant votre cuisine toujours propre et ordonn\u00e9e. D\u00e9marrage diff\u00e9r\u00e9 jusqu\u2019\u00e0 24 h Nombre de Couverts : 16 Nombre de Programmes : 7 Moteur Inverter Afficheur Smart Digital Tactile 3 Paniers Ajustables Ouverture Automatique de la porte Classe \u00e9nerg\u00e9tique A+++ Fonction S\u00e9chage Plus Fonction Nettoyage Plus Fonction Turbo Speed Plus Fonction de Lavage Par Zone (Sup\u00e9rieur \/ Inf\u00e9rieur) \u00c9clairage Int\u00e9rieur LED D\u00e9part \/ Fin diff\u00e9r\u00e9e programmable sur 24 H S\u00e9curit\u00e9 Enfant<\/p>\n","protected":false},"featured_media":23476,"comment_status":"open","ping_status":"closed","template":"","meta":[],"product_cat":[109],"product_tag":[],"class_list":{"0":"post-23637","1":"product","2":"type-product","3":"status-publish","4":"has-post-thumbnail","6":"product_cat-lave-vaisselle","8":"first","9":"instock","10":"shipping-taxable","11":"product-type-simple"},"_links":{"self":[{"href":"https:\/\/maxwell.in-stack.com\/index.php\/wp-json\/wp\/v2\/product\/23637","targetHints":{"allow":["GET"]}}],"collection":[{"href":"https:\/\/maxwell.in-stack.com\/index.php\/wp-json\/wp\/v2\/product"}],"about":[{"href":"https:\/\/maxwell.in-stack.com\/index.php\/wp-json\/wp\/v2\/types\/product"}],"replies":[{"embeddable":true,"href":"https:\/\/maxwell.in-stack.com\/index.php\/wp-json\/wp\/v2\/comments?post=23637"}],"version-history":[{"count":2,"href":"https:\/\/maxwell.in-stack.com\/index.php\/wp-json\/wp\/v2\/product\/23637\/revisions"}],"predecessor-version":[{"id":23848,"href":"https:\/\/maxwell.in-stack.com\/index.php\/wp-json\/wp\/v2\/product\/23637\/revisions\/23848"}],"wp:featuredmedia":[{"embeddable":true,"href":"https:\/\/maxwell.in-stack.com\/index.php\/wp-json\/wp\/v2\/media\/23476"}],"wp:attachment":[{"href":"https:\/\/maxwell.in-stack.com\/index.php\/wp-json\/wp\/v2\/media?parent=23637"}],"wp:term":[{"taxonomy":"product_cat","embeddable":true,"href":"https:\/\/maxwell.in-stack.com\/index.php\/wp-json\/wp\/v2\/product_cat?post=23637"},{"taxonomy":"product_tag","embeddable":true,"href":"https:\/\/maxwell.in-stack.com\/index.php\/wp-json\/wp\/v2\/product_tag?post=23637"}],"curies":[{"name":"wp","href":"https:\/\/api.w.org\/{rel}","templated":true}]}}