{"id":23641,"date":"2025-12-30T10:08:10","date_gmt":"2025-12-30T09:08:10","guid":{"rendered":"https:\/\/maxwell.in-stack.com\/index.php\/produit\/petrin-6l-mono-fonction-max-p1f14-6-bl\/"},"modified":"2025-12-30T16:15:48","modified_gmt":"2025-12-30T15:15:48","slug":"petrin-6l-mono-fonction-max-p1f14-6-bl","status":"publish","type":"product","link":"https:\/\/maxwell.in-stack.com\/index.php\/produit\/petrin-6l-mono-fonction-max-p1f14-6-bl\/","title":{"rendered":"PETRIN 6L Mono-Fonction MAX-P1F14-6-BL"},"content":{"rendered":"<p><strong>Puissance &#038; Robustesse<\/strong><\/p>\n<p>\u00c9quip\u00e9e d\u2019un moteur puissant atteignant 1800 W, la Kitchen Machine MAXWELL garantit des r\u00e9sultats rapides et homog\u00e8nes. Son variateur 6 vitesses + fonction pulse permet d\u2019ajuster l\u2019intensit\u00e9 selon vos pr\u00e9parations pour un m\u00e9lange parfait \u00e0 chaque utilisation.<\/p>\n<p><strong>Accessoires<\/strong><\/p>\n<p>Polyvalent et pratique, le robot p\u00e2tissier MAXWELL est fourni avec plusieurs accessoires adapt\u00e9s \u00e0 tous les besoins : double crochet, fouet et batteur pour p\u00e9trir, fouetter ou monter des blancs d\u2019\u0153ufs. Une solution compl\u00e8te pour toutes vos pr\u00e9parations, des p\u00e2tes lourdes aux desserts l\u00e9gers.<\/p>\n<p><strong>Puissance 1400 W<\/strong><\/p>\n<ul>\n<li>Bol en Acier Inoxydable 6 Litres<\/li>\n<li>6 vitesses avec impulsion<\/li>\n<li>Indicateur lumineux LED<\/li>\n<li>Engrenages enti\u00e8rement m\u00e9talliques<\/li>\n<\/ul>\n<p><strong>Accessoires:<\/strong><\/p>\n<ul>\n<li>Crochet \u00e0 p\u00e2te<\/li>\n<li>Fouet \u00e0 Oeufs<\/li>\n<li>Batteur Plat<\/li>\n<li>Couvercle anti-\u00e9claboussures<\/li>\n<\/ul>\n","protected":false},"excerpt":{"rendered":"<p>Puissance &#038; Robustesse \u00c9quip\u00e9e d\u2019un moteur puissant atteignant 1800 W, la Kitchen Machine MAXWELL garantit des r\u00e9sultats rapides et homog\u00e8nes. Son variateur 6 vitesses + fonction pulse permet d\u2019ajuster l\u2019intensit\u00e9 selon vos pr\u00e9parations pour un m\u00e9lange parfait \u00e0 chaque utilisation. Accessoires Polyvalent et pratique, le robot p\u00e2tissier MAXWELL est fourni avec plusieurs accessoires adapt\u00e9s \u00e0 tous les besoins : double crochet, fouet et batteur pour p\u00e9trir, fouetter ou monter des blancs d\u2019\u0153ufs. Une solution compl\u00e8te pour toutes vos pr\u00e9parations, des p\u00e2tes lourdes aux desserts l\u00e9gers. Puissance 1400 W Bol en Acier Inoxydable 6 Litres 6 vitesses avec impulsion Indicateur lumineux LED Engrenages enti\u00e8rement m\u00e9talliques Accessoires: Crochet \u00e0 p\u00e2te Fouet \u00e0 Oeufs Batteur Plat Couvercle anti-\u00e9claboussures<\/p>\n","protected":false},"featured_media":23512,"comment_status":"open","ping_status":"closed","template":"","meta":[],"product_cat":[110],"product_tag":[],"class_list":{"0":"post-23641","1":"product","2":"type-product","3":"status-publish","4":"has-post-thumbnail","6":"product_cat-petrin","8":"first","9":"instock","10":"shipping-taxable","11":"product-type-simple"},"_links":{"self":[{"href":"https:\/\/maxwell.in-stack.com\/index.php\/wp-json\/wp\/v2\/product\/23641","targetHints":{"allow":["GET"]}}],"collection":[{"href":"https:\/\/maxwell.in-stack.com\/index.php\/wp-json\/wp\/v2\/product"}],"about":[{"href":"https:\/\/maxwell.in-stack.com\/index.php\/wp-json\/wp\/v2\/types\/product"}],"replies":[{"embeddable":true,"href":"https:\/\/maxwell.in-stack.com\/index.php\/wp-json\/wp\/v2\/comments?post=23641"}],"version-history":[{"count":2,"href":"https:\/\/maxwell.in-stack.com\/index.php\/wp-json\/wp\/v2\/product\/23641\/revisions"}],"predecessor-version":[{"id":23822,"href":"https:\/\/maxwell.in-stack.com\/index.php\/wp-json\/wp\/v2\/product\/23641\/revisions\/23822"}],"wp:featuredmedia":[{"embeddable":true,"href":"https:\/\/maxwell.in-stack.com\/index.php\/wp-json\/wp\/v2\/media\/23512"}],"wp:attachment":[{"href":"https:\/\/maxwell.in-stack.com\/index.php\/wp-json\/wp\/v2\/media?parent=23641"}],"wp:term":[{"taxonomy":"product_cat","embeddable":true,"href":"https:\/\/maxwell.in-stack.com\/index.php\/wp-json\/wp\/v2\/product_cat?post=23641"},{"taxonomy":"product_tag","embeddable":true,"href":"https:\/\/maxwell.in-stack.com\/index.php\/wp-json\/wp\/v2\/product_tag?post=23641"}],"curies":[{"name":"wp","href":"https:\/\/api.w.org\/{rel}","templated":true}]}}