{"id":23668,"date":"2025-12-30T10:11:26","date_gmt":"2025-12-30T09:11:26","guid":{"rendered":"https:\/\/maxwell.in-stack.com\/index.php\/produit\/petrin-10l-max-p3fh18-10a-cb\/"},"modified":"2025-12-30T16:15:48","modified_gmt":"2025-12-30T15:15:48","slug":"petrin-10l-max-p3fh18-10a-cb","status":"publish","type":"product","link":"https:\/\/maxwell.in-stack.com\/index.php\/produit\/petrin-10l-max-p3fh18-10a-cb\/","title":{"rendered":"PETRIN 10L MAX-P3FH18-10A-CB"},"content":{"rendered":"<p><strong>Capacit\u00e9 XXL<\/strong><\/p>\n<p>La cuve en acier inoxydable du robot p\u00e2tissier MAXWELL assure une grande solidit\u00e9 et une r\u00e9sistance durable. Avec une capacit\u00e9 allant jusqu\u2019\u00e0 10 litres, elle permet de r\u00e9aliser facilement une grande vari\u00e9t\u00e9 de pr\u00e9parations en une seule fois.<\/p>\n<p><strong>Puissance &#038; Robustesse<\/strong><\/p>\n<p>\u00c9quip\u00e9e d\u2019un moteur puissant atteignant 1800 W, la Kitchen Machine MAXWELL garantit des r\u00e9sultats rapides et homog\u00e8nes. Son variateur 6 vitesses + fonction pulse permet d\u2019ajuster l\u2019intensit\u00e9 selon vos pr\u00e9parations pour un m\u00e9lange parfait \u00e0 chaque utilisation.<\/p>\n<p><strong>Accessoires<\/strong><\/p>\n<p>Polyvalent et pratique, le robot p\u00e2tissier MAXWELL est fourni avec plusieurs accessoires adapt\u00e9s \u00e0 tous les besoins : double crochet, fouet et batteur pour p\u00e9trir, fouetter ou monter des blancs d\u2019\u0153ufs. Une solution compl\u00e8te pour toutes vos pr\u00e9parations, des p\u00e2tes lourdes aux desserts l\u00e9gers.<\/p>\n<p><strong>Accessoires:<\/strong><\/p>\n<ul>\n<li>Crochet \u00e0 p\u00e2te<\/li>\n<li>Lame \u00e0 P\u00e2te Courte<\/li>\n<li>Fouet<\/li>\n<li>Batteur Plat<\/li>\n<li>Hachoir \u00e0 Viande<\/li>\n<li>Blender en Verre 1,5 L<\/li>\n<li>Couvercle anti-\u00e9claboussures<\/li>\n<\/ul>\n<p><strong>Puissance 1800 W<\/strong><\/p>\n<ul>\n<li>Capacit\u00e9 du bol 10 L<\/li>\n<li>6 vitesses avec impulsion<\/li>\n<li>Ecran Tactile<\/li>\n<li>Temps Programmable<\/li>\n<li>Engrenages enti\u00e8rement m\u00e9talliques<\/li>\n<li>Bo\u00eetier m\u00e9tallique<\/li>\n<\/ul>\n","protected":false},"excerpt":{"rendered":"<p>Capacit\u00e9 XXL La cuve en acier inoxydable du robot p\u00e2tissier MAXWELL assure une grande solidit\u00e9 et une r\u00e9sistance durable. Avec une capacit\u00e9 allant jusqu\u2019\u00e0 10 litres, elle permet de r\u00e9aliser facilement une grande vari\u00e9t\u00e9 de pr\u00e9parations en une seule fois. Puissance &#038; Robustesse \u00c9quip\u00e9e d\u2019un moteur puissant atteignant 1800 W, la Kitchen Machine MAXWELL garantit des r\u00e9sultats rapides et homog\u00e8nes. Son variateur 6 vitesses + fonction pulse permet d\u2019ajuster l\u2019intensit\u00e9 selon vos pr\u00e9parations pour un m\u00e9lange parfait \u00e0 chaque utilisation. Accessoires Polyvalent et pratique, le robot p\u00e2tissier MAXWELL est fourni avec plusieurs accessoires adapt\u00e9s \u00e0 tous les besoins : double crochet, fouet et batteur pour p\u00e9trir, fouetter ou monter des blancs d\u2019\u0153ufs. Une solution compl\u00e8te pour toutes vos pr\u00e9parations, des p\u00e2tes lourdes aux desserts l\u00e9gers. Accessoires: Crochet \u00e0 p\u00e2te Lame \u00e0 P\u00e2te Courte Fouet Batteur Plat Hachoir \u00e0 Viande Blender en Verre 1,5 L Couvercle anti-\u00e9claboussures Puissance 1800 W Capacit\u00e9 du bol 10 L 6 vitesses avec impulsion Ecran Tactile Temps Programmable Engrenages enti\u00e8rement m\u00e9talliques Bo\u00eetier m\u00e9tallique<\/p>\n","protected":false},"featured_media":23562,"comment_status":"open","ping_status":"closed","template":"","meta":[],"product_cat":[110],"product_tag":[],"class_list":{"0":"post-23668","1":"product","2":"type-product","3":"status-publish","4":"has-post-thumbnail","6":"product_cat-petrin","8":"first","9":"instock","10":"shipping-taxable","11":"product-type-simple"},"_links":{"self":[{"href":"https:\/\/maxwell.in-stack.com\/index.php\/wp-json\/wp\/v2\/product\/23668","targetHints":{"allow":["GET"]}}],"collection":[{"href":"https:\/\/maxwell.in-stack.com\/index.php\/wp-json\/wp\/v2\/product"}],"about":[{"href":"https:\/\/maxwell.in-stack.com\/index.php\/wp-json\/wp\/v2\/types\/product"}],"replies":[{"embeddable":true,"href":"https:\/\/maxwell.in-stack.com\/index.php\/wp-json\/wp\/v2\/comments?post=23668"}],"version-history":[{"count":2,"href":"https:\/\/maxwell.in-stack.com\/index.php\/wp-json\/wp\/v2\/product\/23668\/revisions"}],"predecessor-version":[{"id":23821,"href":"https:\/\/maxwell.in-stack.com\/index.php\/wp-json\/wp\/v2\/product\/23668\/revisions\/23821"}],"wp:featuredmedia":[{"embeddable":true,"href":"https:\/\/maxwell.in-stack.com\/index.php\/wp-json\/wp\/v2\/media\/23562"}],"wp:attachment":[{"href":"https:\/\/maxwell.in-stack.com\/index.php\/wp-json\/wp\/v2\/media?parent=23668"}],"wp:term":[{"taxonomy":"product_cat","embeddable":true,"href":"https:\/\/maxwell.in-stack.com\/index.php\/wp-json\/wp\/v2\/product_cat?post=23668"},{"taxonomy":"product_tag","embeddable":true,"href":"https:\/\/maxwell.in-stack.com\/index.php\/wp-json\/wp\/v2\/product_tag?post=23668"}],"curies":[{"name":"wp","href":"https:\/\/api.w.org\/{rel}","templated":true}]}}