{"id":23692,"date":"2025-12-30T10:25:24","date_gmt":"2025-12-30T09:25:24","guid":{"rendered":"https:\/\/maxwell.in-stack.com\/index.php\/produit\/refrigerateur-max-rmdh240s\/"},"modified":"2025-12-30T16:15:50","modified_gmt":"2025-12-30T15:15:50","slug":"refrigerateur-max-rmdh240s","status":"publish","type":"product","link":"https:\/\/maxwell.in-stack.com\/index.php\/produit\/refrigerateur-max-rmdh240s\/","title":{"rendered":"REFRIGERATEUR MAX-RMDH240S"},"content":{"rendered":"<p><strong>Eco Friendly<\/strong><\/p>\n<p>Les r\u00e9frig\u00e9rateurs MAXWELL int\u00e8grent des composants \u00e0 haute efficacit\u00e9 \u00e9nerg\u00e9tique pour une consommation r\u00e9duite. Ils contribuent \u00e0 pr\u00e9server l\u2019environnement tout en all\u00e9geant votre facture d\u2019\u00e9lectricit\u00e9.<\/p>\n<p><strong>Capacit\u00e9 du R\u00e9frig\u00e9rateur (L): 240 L<\/strong><\/p>\n<ul>\n<li>Couleur du produit : Silver<\/li>\n<li>Type de Refroidissement: Defrost<\/li>\n<li>Economie d\u2019\u00e9nergie<\/li>\n<li>Porte r\u00e9versible<\/li>\n<\/ul>\n<p><strong>Serrure de s\u00e9curit\u00e9<\/strong><\/p>\n<ul>\n<li>Etag\u00e8res en Verre Tremp\u00e9<\/li>\n<li>Dimensions du Produit (H*L*P) cm: 127 * 50 * 49,5<\/li>\n<\/ul>\n<p><strong>MAX &#8211; RMDH 240 S<\/strong><\/p>\n","protected":false},"excerpt":{"rendered":"<p>Eco Friendly Les r\u00e9frig\u00e9rateurs MAXWELL int\u00e8grent des composants \u00e0 haute efficacit\u00e9 \u00e9nerg\u00e9tique pour une consommation r\u00e9duite. Ils contribuent \u00e0 pr\u00e9server l\u2019environnement tout en all\u00e9geant votre facture d\u2019\u00e9lectricit\u00e9. Capacit\u00e9 du R\u00e9frig\u00e9rateur (L): 240 L Couleur du produit : Silver Type de Refroidissement: Defrost Economie d\u2019\u00e9nergie Porte r\u00e9versible Serrure de s\u00e9curit\u00e9 Etag\u00e8res en Verre Tremp\u00e9 Dimensions du Produit (H*L*P) cm: 127 * 50 * 49,5 MAX &#8211; RMDH 240 S<\/p>\n","protected":false},"featured_media":23691,"comment_status":"open","ping_status":"closed","template":"","meta":[],"product_cat":[41],"product_tag":[],"class_list":{"0":"post-23692","1":"product","2":"type-product","3":"status-publish","4":"has-post-thumbnail","6":"product_cat-refrigerateur","8":"first","9":"instock","10":"shipping-taxable","11":"product-type-simple"},"_links":{"self":[{"href":"https:\/\/maxwell.in-stack.com\/index.php\/wp-json\/wp\/v2\/product\/23692","targetHints":{"allow":["GET"]}}],"collection":[{"href":"https:\/\/maxwell.in-stack.com\/index.php\/wp-json\/wp\/v2\/product"}],"about":[{"href":"https:\/\/maxwell.in-stack.com\/index.php\/wp-json\/wp\/v2\/types\/product"}],"replies":[{"embeddable":true,"href":"https:\/\/maxwell.in-stack.com\/index.php\/wp-json\/wp\/v2\/comments?post=23692"}],"version-history":[{"count":2,"href":"https:\/\/maxwell.in-stack.com\/index.php\/wp-json\/wp\/v2\/product\/23692\/revisions"}],"predecessor-version":[{"id":23869,"href":"https:\/\/maxwell.in-stack.com\/index.php\/wp-json\/wp\/v2\/product\/23692\/revisions\/23869"}],"wp:featuredmedia":[{"embeddable":true,"href":"https:\/\/maxwell.in-stack.com\/index.php\/wp-json\/wp\/v2\/media\/23691"}],"wp:attachment":[{"href":"https:\/\/maxwell.in-stack.com\/index.php\/wp-json\/wp\/v2\/media?parent=23692"}],"wp:term":[{"taxonomy":"product_cat","embeddable":true,"href":"https:\/\/maxwell.in-stack.com\/index.php\/wp-json\/wp\/v2\/product_cat?post=23692"},{"taxonomy":"product_tag","embeddable":true,"href":"https:\/\/maxwell.in-stack.com\/index.php\/wp-json\/wp\/v2\/product_tag?post=23692"}],"curies":[{"name":"wp","href":"https:\/\/api.w.org\/{rel}","templated":true}]}}