{"id":23705,"date":"2025-12-30T10:28:41","date_gmt":"2025-12-30T09:28:41","guid":{"rendered":"https:\/\/maxwell.in-stack.com\/index.php\/produit\/machine-a-laver-front-load-12kg-max-wmfl1214wnn-iv\/"},"modified":"2025-12-30T16:15:51","modified_gmt":"2025-12-30T15:15:51","slug":"machine-a-laver-front-load-12kg-max-wmfl1214wnn-iv","status":"publish","type":"product","link":"https:\/\/maxwell.in-stack.com\/index.php\/produit\/machine-a-laver-front-load-12kg-max-wmfl1214wnn-iv\/","title":{"rendered":"MACHINE A LAVER Front Load 12KG MAX-WMFL1214WNN-IV"},"content":{"rendered":"<p><strong>MAX &#8211; WMFL 1214 WNN &#8211; IV<\/strong><\/p>\n<p><strong>Technologie 3D SteamCare [Programmes \u00e0 Vapeur]<\/strong><\/p>\n<p>La technologie vapeur haute temp\u00e9rature p\u00e9n\u00e8tre en profondeur pour \u00e9liminer les taches, neutraliser les odeurs et st\u00e9riliser.<\/p>\n<p><strong>Fonction Add Wash<\/strong><\/p>\n<p>Permet d\u2019ajouter les v\u00eatements oubli\u00e9s en suspendant le programme en cours pour ouvrir la porte et ins\u00e9rer les articles dans le tambour.<\/p>\n<p><strong>Fonction Lavage express 15\u2019<\/strong><\/p>\n<p>Ce mode est un cycle rapide et efficace, id\u00e9al pour les petites quantit\u00e9s de linge peu sales. Il assure un nettoyage satisfaisant en seulement 15 minutes, avec une consommation optimis\u00e9e en eau et en \u00e9nergie.<\/p>\n<p><strong>Fonction Power-off Memory<\/strong><\/p>\n<p>Permet de reprendre le programme en cours apr\u00e8s une panne ou une coupure de courant, \u00e9vitant un red\u00e9marrage et \u00e9conomisant du temps.<\/p>\n<p><strong>Fonction High Temp. Wash (90\u00b0C)<\/strong><\/p>\n<p>Permet un lavage \u00e0 90 \u00b0C pour une st\u00e9rilisation efficace, id\u00e9ale pour les v\u00eatements de b\u00e9b\u00e9 et de maman.<\/p>\n<p><strong>D\u00e9part\/Fin diff\u00e9r\u00e9s programmables<\/strong><\/p>\n<p>Permet de programmer le d\u00e9marrage ou la fin du lavage entre 1 heure et 24 heures pour plus de flexibilit\u00e9.<\/p>\n<p><strong>S\u00e9curit\u00e9 Enfants<\/strong><\/p>\n<p>S\u00e9curise la machine en emp\u00eachant toute intervention accidentelle des enfants pendant son fonctionnement.<\/p>\n<p><strong>Fonction FuzzyWeighing<\/strong><\/p>\n<p>D\u00e9tection automatique de la charge, afin de d\u00e9terminer automatiquement la quantit\u00e9 d&#8217;eau \u00e0 utiliser.<\/p>\n<p><strong>Moteur BLDC Inverter<\/strong><\/p>\n<p>Le moteur BLDC Inverter r\u00e9duit le frottement gr\u00e2ce \u00e0 sa technologie sans balais, offrant un lavage plus silencieux, plus stable et plus \u00e9conome en \u00e9nergie, avec une meilleure long\u00e9vit\u00e9.<\/p>\n<ul>\n<li>Capacit\u00e9 (kg) : 12 kg<\/li>\n<li>Nombre de Programmes : 14<\/li>\n<li>Classe \u00c9nerg\u00e9tique : A+++<\/li>\n<li>Afficheur LED<\/li>\n<li>Vitesse d\u2019Essorage (rpm) : 1400<\/li>\n<li>Dimensions (LPH) : 59,8 \u00d7 61 \u00d7 85 cm<\/li>\n<\/ul>\n","protected":false},"excerpt":{"rendered":"<p>MAX &#8211; WMFL 1214 WNN &#8211; IV Technologie 3D SteamCare [Programmes \u00e0 Vapeur] La technologie vapeur haute temp\u00e9rature p\u00e9n\u00e8tre en profondeur pour \u00e9liminer les taches, neutraliser les odeurs et st\u00e9riliser. Fonction Add Wash Permet d\u2019ajouter les v\u00eatements oubli\u00e9s en suspendant le programme en cours pour ouvrir la porte et ins\u00e9rer les articles dans le tambour. Fonction Lavage express 15\u2019 Ce mode est un cycle rapide et efficace, id\u00e9al pour les petites quantit\u00e9s de linge peu sales. Il assure un nettoyage satisfaisant en seulement 15 minutes, avec une consommation optimis\u00e9e en eau et en \u00e9nergie. Fonction Power-off Memory Permet de reprendre le programme en cours apr\u00e8s une panne ou une coupure de courant, \u00e9vitant un red\u00e9marrage et \u00e9conomisant du temps. Fonction High Temp. Wash (90\u00b0C) Permet un lavage \u00e0 90 \u00b0C pour une st\u00e9rilisation efficace, id\u00e9ale pour les v\u00eatements de b\u00e9b\u00e9 et de maman. D\u00e9part\/Fin diff\u00e9r\u00e9s programmables Permet de programmer le d\u00e9marrage ou la fin du lavage entre 1 heure et 24 heures pour plus de flexibilit\u00e9. S\u00e9curit\u00e9 Enfants S\u00e9curise la machine en emp\u00eachant toute intervention accidentelle des enfants pendant son fonctionnement. Fonction FuzzyWeighing D\u00e9tection automatique de la charge, afin de d\u00e9terminer automatiquement la quantit\u00e9 d&#8217;eau \u00e0 utiliser. Moteur BLDC Inverter Le moteur BLDC Inverter r\u00e9duit le frottement gr\u00e2ce \u00e0 sa technologie sans balais, offrant un lavage plus silencieux, plus stable et plus \u00e9conome en \u00e9nergie, avec une meilleure long\u00e9vit\u00e9. Capacit\u00e9 (kg) : 12 kg Nombre de Programmes : 14 Classe \u00c9nerg\u00e9tique : A+++ Afficheur LED Vitesse d\u2019Essorage (rpm) : 1400 Dimensions (LPH) : 59,8 \u00d7 61 \u00d7 85 cm<\/p>\n","protected":false},"featured_media":23492,"comment_status":"open","ping_status":"closed","template":"","meta":[],"product_cat":[112],"product_tag":[],"class_list":{"0":"post-23705","1":"product","2":"type-product","3":"status-publish","4":"has-post-thumbnail","6":"product_cat-machine-a-laver","8":"first","9":"instock","10":"shipping-taxable","11":"product-type-simple"},"_links":{"self":[{"href":"https:\/\/maxwell.in-stack.com\/index.php\/wp-json\/wp\/v2\/product\/23705","targetHints":{"allow":["GET"]}}],"collection":[{"href":"https:\/\/maxwell.in-stack.com\/index.php\/wp-json\/wp\/v2\/product"}],"about":[{"href":"https:\/\/maxwell.in-stack.com\/index.php\/wp-json\/wp\/v2\/types\/product"}],"replies":[{"embeddable":true,"href":"https:\/\/maxwell.in-stack.com\/index.php\/wp-json\/wp\/v2\/comments?post=23705"}],"version-history":[{"count":2,"href":"https:\/\/maxwell.in-stack.com\/index.php\/wp-json\/wp\/v2\/product\/23705\/revisions"}],"predecessor-version":[{"id":23878,"href":"https:\/\/maxwell.in-stack.com\/index.php\/wp-json\/wp\/v2\/product\/23705\/revisions\/23878"}],"wp:featuredmedia":[{"embeddable":true,"href":"https:\/\/maxwell.in-stack.com\/index.php\/wp-json\/wp\/v2\/media\/23492"}],"wp:attachment":[{"href":"https:\/\/maxwell.in-stack.com\/index.php\/wp-json\/wp\/v2\/media?parent=23705"}],"wp:term":[{"taxonomy":"product_cat","embeddable":true,"href":"https:\/\/maxwell.in-stack.com\/index.php\/wp-json\/wp\/v2\/product_cat?post=23705"},{"taxonomy":"product_tag","embeddable":true,"href":"https:\/\/maxwell.in-stack.com\/index.php\/wp-json\/wp\/v2\/product_tag?post=23705"}],"curies":[{"name":"wp","href":"https:\/\/api.w.org\/{rel}","templated":true}]}}