{"id":23725,"date":"2025-12-30T10:29:40","date_gmt":"2025-12-30T09:29:40","guid":{"rendered":"https:\/\/maxwell.in-stack.com\/index.php\/produit\/climatiseur-mx-x12ut-inv3\/"},"modified":"2025-12-30T16:15:52","modified_gmt":"2025-12-30T15:15:52","slug":"climatiseur-mx-x12ut-inv3","status":"publish","type":"product","link":"https:\/\/maxwell.in-stack.com\/index.php\/produit\/climatiseur-mx-x12ut-inv3\/","title":{"rendered":"CLIMATISEUR MX-X12UT-INV3"},"content":{"rendered":"<p><strong>MX &#8211; X12 UT &#8211; INV 3<\/strong><\/p>\n<p><strong>Technologie Inverter<\/strong><\/p>\n<p>Les climatiseurs MAXWELL Inverter adaptent automatiquement la vitesse du compresseur en fonction de la temp\u00e9rature ambiante. Cette technologie permet d\u2019\u00e9viter les red\u00e9marrages fr\u00e9quents, de maintenir une temp\u00e9rature stable et de r\u00e9duire la consommation d\u2019\u00e9nergie jusqu\u2019\u00e0 75 %, tout en offrant un fonctionnement plus silencieux.<\/p>\n<p><strong>Fonction R\u00e9versible<\/strong><\/p>\n<p>Les climatiseurs r\u00e9versibles MAXWELL assurent \u00e0 la fois le refroidissement en \u00e9t\u00e9 et le chauffage en hiver. Leur moteur Inverter garantit des performances optimales, permettant de refroidir jusqu\u2019\u00e0 6 fois plus rapidement et de chauffer jusqu\u2019\u00e0 9 fois plus efficacement, pour un confort parfait toute l\u2019ann\u00e9e.<\/p>\n<p><strong>Tropicalis\u00e9 T3<\/strong><\/p>\n<p>Con\u00e7us pour r\u00e9sister aux fortes chaleurs, les climatiseurs MAXWELL Tropicalis\u00e9 T3 offrent un fonctionnement stable et fiable m\u00eame sous des temp\u00e9ratures extr\u00eames pouvant atteindre 52 \u00b0C. Id\u00e9al pour les r\u00e9gions chaudes, ce mod\u00e8le maintient des performances constantes en toute circonstance.<\/p>\n<p><strong>\u00c9co Friendly<\/strong><\/p>\n<p>Respectueux de l\u2019environnement, les climatiseurs MAXWELL utilisent un gaz r\u00e9frig\u00e9rant sans CFC et consomment moins d\u2019\u00e9nergie. Ils allient efficacit\u00e9 \u00e9nerg\u00e9tique et impact \u00e9cologique r\u00e9duit, tout en garantissant un air plus pur dans votre espace.<\/p>\n<p><strong>Capacit\u00e9 de refroidissement : 12000 BTU<\/strong><\/p>\n<ul>\n<li>Compresseur Inverter haute fr\u00e9quence (jusqu\u2019\u00e0 120 Hz)<\/li>\n<li>Classe climatique : T3 \u2013 Fonctionnement optimal de -15\u00b0C \u00e0 +60\u00b0C<\/li>\n<li>Red\u00e9marrage automatique<\/li>\n<li>Auto nettoyant<\/li>\n<li>Type de gaz : R32<\/li>\n<li>Fonction Ultra-Silence (r\u00e9duction de bruit jusqu\u2019\u00e0 -3 dB)<\/li>\n<li>D\u00e9marrage \u00e0 basse tension, fonctionnement stable jusqu\u2019\u00e0 60\u00b0C<\/li>\n<li>Design anti-poussi\u00e8re, anti-insectes (\u00e9tanch\u00e9it\u00e9 ? 2 mm)<\/li>\n<li>Fonction d\u2019affichage des codes erreurs<\/li>\n<li>Dimension: 296 x 837 x 205<\/li>\n<\/ul>\n","protected":false},"excerpt":{"rendered":"<p>MX &#8211; X12 UT &#8211; INV 3 Technologie Inverter Les climatiseurs MAXWELL Inverter adaptent automatiquement la vitesse du compresseur en fonction de la temp\u00e9rature ambiante. Cette technologie permet d\u2019\u00e9viter les red\u00e9marrages fr\u00e9quents, de maintenir une temp\u00e9rature stable et de r\u00e9duire la consommation d\u2019\u00e9nergie jusqu\u2019\u00e0 75 %, tout en offrant un fonctionnement plus silencieux. Fonction R\u00e9versible Les climatiseurs r\u00e9versibles MAXWELL assurent \u00e0 la fois le refroidissement en \u00e9t\u00e9 et le chauffage en hiver. Leur moteur Inverter garantit des performances optimales, permettant de refroidir jusqu\u2019\u00e0 6 fois plus rapidement et de chauffer jusqu\u2019\u00e0 9 fois plus efficacement, pour un confort parfait toute l\u2019ann\u00e9e. Tropicalis\u00e9 T3 Con\u00e7us pour r\u00e9sister aux fortes chaleurs, les climatiseurs MAXWELL Tropicalis\u00e9 T3 offrent un fonctionnement stable et fiable m\u00eame sous des temp\u00e9ratures extr\u00eames pouvant atteindre 52 \u00b0C. Id\u00e9al pour les r\u00e9gions chaudes, ce mod\u00e8le maintient des performances constantes en toute circonstance. \u00c9co Friendly Respectueux de l\u2019environnement, les climatiseurs MAXWELL utilisent un gaz r\u00e9frig\u00e9rant sans CFC et consomment moins d\u2019\u00e9nergie. Ils allient efficacit\u00e9 \u00e9nerg\u00e9tique et impact \u00e9cologique r\u00e9duit, tout en garantissant un air plus pur dans votre espace. Capacit\u00e9 de refroidissement : 12000 BTU Compresseur Inverter haute fr\u00e9quence (jusqu\u2019\u00e0 120 Hz) Classe climatique : T3 \u2013 Fonctionnement optimal de -15\u00b0C \u00e0 +60\u00b0C Red\u00e9marrage automatique Auto nettoyant Type de gaz : R32 Fonction Ultra-Silence (r\u00e9duction de bruit jusqu\u2019\u00e0 -3 dB) D\u00e9marrage \u00e0 basse tension, fonctionnement stable jusqu\u2019\u00e0 60\u00b0C Design anti-poussi\u00e8re, anti-insectes (\u00e9tanch\u00e9it\u00e9 ? 2 mm) Fonction d\u2019affichage des codes erreurs Dimension: 296 x 837 x 205<\/p>\n","protected":false},"featured_media":23427,"comment_status":"open","ping_status":"closed","template":"","meta":[],"product_cat":[49],"product_tag":[],"class_list":{"0":"post-23725","1":"product","2":"type-product","3":"status-publish","4":"has-post-thumbnail","6":"product_cat-climatiseur","8":"first","9":"instock","10":"shipping-taxable","11":"product-type-simple"},"_links":{"self":[{"href":"https:\/\/maxwell.in-stack.com\/index.php\/wp-json\/wp\/v2\/product\/23725","targetHints":{"allow":["GET"]}}],"collection":[{"href":"https:\/\/maxwell.in-stack.com\/index.php\/wp-json\/wp\/v2\/product"}],"about":[{"href":"https:\/\/maxwell.in-stack.com\/index.php\/wp-json\/wp\/v2\/types\/product"}],"replies":[{"embeddable":true,"href":"https:\/\/maxwell.in-stack.com\/index.php\/wp-json\/wp\/v2\/comments?post=23725"}],"version-history":[{"count":2,"href":"https:\/\/maxwell.in-stack.com\/index.php\/wp-json\/wp\/v2\/product\/23725\/revisions"}],"predecessor-version":[{"id":23889,"href":"https:\/\/maxwell.in-stack.com\/index.php\/wp-json\/wp\/v2\/product\/23725\/revisions\/23889"}],"wp:featuredmedia":[{"embeddable":true,"href":"https:\/\/maxwell.in-stack.com\/index.php\/wp-json\/wp\/v2\/media\/23427"}],"wp:attachment":[{"href":"https:\/\/maxwell.in-stack.com\/index.php\/wp-json\/wp\/v2\/media?parent=23725"}],"wp:term":[{"taxonomy":"product_cat","embeddable":true,"href":"https:\/\/maxwell.in-stack.com\/index.php\/wp-json\/wp\/v2\/product_cat?post=23725"},{"taxonomy":"product_tag","embeddable":true,"href":"https:\/\/maxwell.in-stack.com\/index.php\/wp-json\/wp\/v2\/product_tag?post=23725"}],"curies":[{"name":"wp","href":"https:\/\/api.w.org\/{rel}","templated":true}]}}